{"id":10021,"date":"2016-12-16T00:00:00","date_gmt":"2016-12-16T00:00:00","guid":{"rendered":""},"modified":"2025-08-28T12:57:01","modified_gmt":"2025-08-28T10:57:01","slug":"gaehnen-hunde-katzen-pferde","status":"publish","type":"page","link":"https:\/\/uelzener.de\/magazin\/hund\/haeufige-fragen\/gaehnen-hunde-katzen-pferde\/","title":{"rendered":"Warum g\u00e4hnen Hunde, Katzen und Pferde?"},"content":{"rendered":"<p>Es ist noch nicht ganz klar, warum G\u00e4hnen ansteckend ist. Forscher beobachteten verschiedene Tierarten beim G\u00e4hnen und stellten fest, dass die einzelnen Tiere sich umso mehr vom G\u00e4hnen der anderen anstecken lie\u00dfen, je n\u00e4her sie ihnen emotional standen. Das G\u00e4hnen war hier also offenbar eine soziale T\u00e4tigkeit, die mit der sozialen N\u00e4he der einzelnen Gruppenmitglieder untereinander zusammen hing. Gleiches konnten Forscher auch bei Menschen beobachten: Je n\u00e4her sie sich standen, desto mehr wurde kollektiv geg\u00e4hnt. Auch Herrchen und Hund k\u00f6nnen sich gegenseitig damit anstecken. Andererseits lassen sich zum Beispiel Autisten nicht vom G\u00e4hnen anderer anstecken und auch Menschen, die sich schlecht in andere hineinversetzen k\u00f6nnen, g\u00e4hnen seltener mit als empathische Menschen.<\/p>\n<h2>Wenn Hunde g\u00e4hnen<\/h2>\n<p>Hunde lassen sich vom G\u00e4hnen \u201eihrer\u201c Menschen anstecken, deutlich mehr als von fremden Menschen. Das wurde inzwischen in einer Studie nachgewiesen. Mittlerweile scheint klar zu sein, dass auch hier das Mitg\u00e4hnen ein Ausdruck emotionaler N\u00e4he ist. Anders sieht es aus, wenn Hunde in bestimmten Situationen g\u00e4hnen, zum Beispiel beim Zusammentreffen mit Artgenossen. Hier wird von einigen Hundeexperten die Auffassung vertreten, dass es sich beim G\u00e4hnen um eine Beschwichtigungsgeste handelt, die einen Konflikt vermeiden soll. Allerdings ist diese These umstritten. Und nat\u00fcrlich g\u00e4hnen Hunde, genau wie wir, direkt nach dem Aufwachen, wenn sie sich strecken. Denn das G\u00e4hnen bewirkt eine Dehnung der Gesichtsmuskeln, entspannt sie und regt die Durchblutung an. Diese entspannende Wirkung nutzen Hunde vermutlich auch, wenn sie unter Stress stehen.<\/p>\n<h2>Daher g\u00e4hnen Katzen<\/h2>\n<p>Auch Katzen entspannen ihre Muskeln mit dem G\u00e4hnen. Bei ihnen wird damit vermutlich auch Wohlbehagen ausgedr\u00fcckt sowie Friedfertigkeit. Wenn Katzen in angespannten Situationen g\u00e4hnen, kann das \u00e4hnlich wie bei Hunden eine \u00dcbersprungshandlung sein: Die Katze baut mit dem G\u00e4hnen ihre Anspannung ab.<\/p>\n<h2>Auch Pferde k\u00f6nnen g\u00e4hnen<\/h2>\n<p>Pferde k\u00f6nnen ebenfalls eindrucksvoll g\u00e4hnen. Tun sie das h\u00e4ufiger, kann das G\u00e4hnen auch ein Ausdruck von Schmerzen sein. Besonders bei Magengeschw\u00fcren oder Koliken wird vermehrt geg\u00e4hnt (manchmal auch geflehmt). Darum sollte ein h\u00e4ufig g\u00e4hnendes Pferd auf andere m\u00f6gliche Krankheitsanzeichen untersucht werden. Manchmal g\u00e4hnen Pferde auch nach einer anstrengenden Arbeitseinheit als Zeichen der Entspannung. Auch bei physiotherapeutischen Behandlungen g\u00e4hnen manche Pferde. Man vermutet, dass das Pferd dadurch eine Entspannung in den betreffenden K\u00f6rperbereichen signalisiert.<\/p>\n\n<div class=\"related_articles boxed\">\n    <h2>Mehr zum Thema<\/h2>\n    \n    <div class=\"wrapper\"><div class=\"title align-center\"><h3><a href=\"https:\/\/uelzener.de\/magazin\/hund\/haltung\/schlechte-laune-beim-hund-erkennen-und-verstehen\/\">Schlechte Laune beim Hund erkennen und verstehen<\/a><\/h3><\/div><div class=\"img align-center\"><img decoding=\"async\" width=\"315\" height=\"180\" src=\"https:\/\/uelzener.de\/magazin\/app\/uploads\/2023\/12\/hund-ungluecklich-depression-315x180.jpg\" class=\"attachment-315x180 size-315x180 wp-post-image\" alt=\"Ein Beagle schaut ungl\u00fccklich. Hat er schlechte Laune?\" \/><\/div><\/div><div class=\"wrapper\"><div class=\"title align-center\"><h3><a href=\"https:\/\/uelzener.de\/magazin\/pferd\/haeufige-fragen\/warum-flehmen-pferde\/\">Warum flehmen Pferde?<\/a><\/h3><\/div><div class=\"img align-center\"><img decoding=\"async\" width=\"315\" height=\"180\" src=\"https:\/\/uelzener.de\/magazin\/app\/uploads\/2025\/07\/pferd-flehmen-315x180.jpg\" class=\"attachment-315x180 size-315x180 wp-post-image\" alt=\"Pferd flehmt.\" \/><\/div><\/div><div class=\"wrapper\"><div class=\"title align-center\"><h3><a href=\"https:\/\/uelzener.de\/magazin\/katze\/haeufige-fragen\/koerpersprache-katze\/\">Die K\u00f6rpersprache der Katze<\/a><\/h3><\/div><div class=\"img align-center\"><img decoding=\"async\" width=\"315\" height=\"180\" src=\"https:\/\/uelzener.de\/magazin\/app\/uploads\/2023\/03\/koersprache-katze-buckel-faucht-315x180.jpg\" class=\"attachment-315x180 size-315x180 wp-post-image\" alt=\"Kleine Katze buckelt. Was sagt die K\u00f6rpersprache der Katze?\" \/><\/div><\/div><\/div>\n\n<h2>Und weshalb g\u00e4hnen Menschen?<\/h2>\n<p>\u00dcber das G\u00e4hnen beim Menschen gibt es verschiedene Theorien: Lange hie\u00df es, dass G\u00e4hnen bei Sauerstoffmangel im Gehirn helfen k\u00f6nne. Das wurde inzwischen von der Forschung widerlegt, ebenso, dass G\u00e4hnen einen m\u00fcden Menschen wacher macht. Allerdings g\u00e4hnen wir besonders dann, wenn etwas eint\u00f6nig oder schlichtweg langweilig ist. Einige Forscher vermuten, dass G\u00e4hnen die Aufmerksamkeit im Gehirn steigert. Denn G\u00e4hnen k\u00f6nnte einen K\u00fchleffekt auf das Gehirn haben, wie es bei Ratten nachgewiesen wurde: Sobald die Temperatur im Gehirn sich geringf\u00fcgig erh\u00f6ht, arbeitet es nicht mehr unter idealen Bedingungen. Durch das G\u00e4hnen sinkt die Temperatur des Blutes und k\u00fchlt so das Gehirn. Das w\u00fcrde erkl\u00e4ren, warum es bei G\u00e4hn-Attacken hilft, das Fenster aufzumachen (K\u00fchlung durch kalte Luft) und warum man bei Stress ebenfalls viel g\u00e4hnt (das Gehirn macht sich fit f\u00fcr die bevorstehende Herausforderung).<\/p>\n<p>Du m\u00f6chtest noch mehr \u00fcber die K\u00f6rpersprache Deines Hundes erfahren? Dann lies unseren Beitrag <a href=\"https:\/\/uelzener.de\/magazin\/hund\/haeufige-fragen\/koerpersprache-lesen-lernen-anzeichen-fuer-einen-gluecklichen-hund\/\">K\u00f6rpersprache lesen lernen: Anzeichen f\u00fcr einen gl\u00fccklichen Hund<\/a><\/p>\n<p>Fest steht, G\u00e4hnen tut einfach gut. Meistens. Um auch f\u00fcr \u00fcberraschende Krankheiten vorbereitet zu sein, ohne dass gro\u00dfe Kosten aufkommen, ist es ratsam eine gute <strong><a href=\"https:\/\/uelzener.de\/\">Tierversicherung<\/a><\/strong> abzuschlie\u00dfen.<\/p>\n","protected":false},"excerpt":{"rendered":"<p>Es ist noch nicht ganz klar, warum G\u00e4hnen ansteckend ist. Forscher beobachteten verschiedene Tierarten beim G\u00e4hnen und stellten fest, dass die einzelnen Tiere sich umso mehr vom G\u00e4hnen der anderen anstecken lie\u00dfen, je n\u00e4her sie ihnen emotional standen. Das G\u00e4hnen war hier also offenbar eine soziale T\u00e4tigkeit, die mit der sozialen N\u00e4he der einzelnen Gruppenmitglieder [&hellip;]<\/p>\n","protected":false},"author":1,"featured_media":10611,"parent":11687,"menu_order":25,"comment_status":"open","ping_status":"open","template":"templates\/blog.php","meta":{"_acf_changed":false,"_crdt_document":"","footnotes":"","beyondwords_generate_audio":"0","beyondwords_project_id":"","beyondwords_content_id":"","beyondwords_preview_token":"","beyondwords_player_style":"","beyondwords_language_id":"","beyondwords_title_voice_id":"","beyondwords_body_voice_id":"","beyondwords_summary_voice_id":"","beyondwords_error_message":"","beyondwords_disabled":"","beyondwords_delete_content":"","beyondwords_podcast_id":"","beyondwords_hash":"","publish_post_to_speechkit":"","speechkit_hash":"","speechkit_generate_audio":"","speechkit_project_id":"","speechkit_podcast_id":"","speechkit_error_message":"","speechkit_disabled":"","speechkit_access_key":"","speechkit_error":"","speechkit_info":"","speechkit_response":"","speechkit_retries":"","speechkit_status":"","speechkit_updated_at":"","_speechkit_link":"","_speechkit_text":""},"class_list":["post-10021","page","type-page","status-publish","has-post-thumbnail","hentry"],"acf":[],"yoast_head":"<!-- This site is optimized with the Yoast SEO Premium plugin  - https:\/\/yoast.com\/product\/yoast-seo-premium-wordpress\/ -->\n<title>Warum g\u00e4hnen Hunde, Katzen und Pferde? | Uelzener Tier-Magazin<\/title>\n<meta name=\"description\" content=\"Wir erkl\u00e4ren verschiedene Thesen, warum \u2713 Hunde \u2713 Katzen &amp; \u2713 Pferde g\u00e4hnen und was es bedeuten kann! \u25b6 Hier informieren!\" \/>\n<meta name=\"robots\" content=\"index, follow, max-snippet:-1, max-image-preview:large, max-video-preview:-1\" \/>\n<link rel=\"canonical\" href=\"https:\/\/uelzener.de\/magazin\/hund\/haeufige-fragen\/gaehnen-hunde-katzen-pferde\/\" \/>\n<meta property=\"og:locale\" content=\"de_DE\" \/>\n<meta property=\"og:type\" content=\"article\" \/>\n<meta property=\"og:title\" content=\"Warum g\u00e4hnen Hunde, Katzen und Pferde?\" \/>\n<meta property=\"og:description\" content=\"Wir erkl\u00e4ren verschiedene Thesen, warum \u2713 Hunde \u2713 Katzen &amp; \u2713 Pferde g\u00e4hnen und was es bedeuten kann! \u25b6 Hier informieren!\" \/>\n<meta property=\"og:url\" content=\"https:\/\/uelzener.de\/magazin\/hund\/haeufige-fragen\/gaehnen-hunde-katzen-pferde\/\" \/>\n<meta property=\"og:site_name\" content=\"Uelzener Tier-Magazin\" \/>\n<meta property=\"article:publisher\" content=\"https:\/\/www.facebook.com\/Uelzener\" \/>\n<meta property=\"article:modified_time\" content=\"2025-08-28T10:57:01+00:00\" \/>\n<meta property=\"og:image\" content=\"https:\/\/uelzener.de\/magazin\/app\/uploads\/2016\/12\/8141e027-41c3-4257-ba6e-21d00ca9fdfe.jpg\" \/>\n\t<meta property=\"og:image:width\" content=\"650\" \/>\n\t<meta property=\"og:image:height\" content=\"432\" \/>\n\t<meta property=\"og:image:type\" content=\"image\/jpeg\" \/>\n<meta name=\"twitter:card\" content=\"summary_large_image\" \/>\n<meta name=\"twitter:label1\" content=\"Gesch\u00e4tzte Lesezeit\" \/>\n\t<meta name=\"twitter:data1\" content=\"4\u00a0Minuten\" \/>\n<script type=\"application\/ld+json\" class=\"yoast-schema-graph\">{\"@context\":\"https:\/\/schema.org\",\"@graph\":[{\"@type\":\"WebPage\",\"@id\":\"https:\/\/uelzener.de\/magazin\/hund\/haeufige-fragen\/gaehnen-hunde-katzen-pferde\/\",\"url\":\"https:\/\/uelzener.de\/magazin\/hund\/haeufige-fragen\/gaehnen-hunde-katzen-pferde\/\",\"name\":\"Warum g\u00e4hnen Hunde, Katzen und Pferde? | Uelzener Tier-Magazin\",\"isPartOf\":{\"@id\":\"https:\/\/uelzener.de\/magazin\/#website\"},\"primaryImageOfPage\":{\"@id\":\"https:\/\/uelzener.de\/magazin\/hund\/haeufige-fragen\/gaehnen-hunde-katzen-pferde\/#primaryimage\"},\"image\":{\"@id\":\"https:\/\/uelzener.de\/magazin\/hund\/haeufige-fragen\/gaehnen-hunde-katzen-pferde\/#primaryimage\"},\"thumbnailUrl\":\"https:\/\/uelzener.de\/magazin\/app\/uploads\/2016\/12\/8141e027-41c3-4257-ba6e-21d00ca9fdfe.jpg\",\"datePublished\":\"2016-12-16T00:00:00+00:00\",\"dateModified\":\"2025-08-28T10:57:01+00:00\",\"description\":\"Wir erkl\u00e4ren verschiedene Thesen, warum \u2713 Hunde \u2713 Katzen & \u2713 Pferde g\u00e4hnen und was es bedeuten kann! \u25b6 Hier informieren!\",\"breadcrumb\":{\"@id\":\"https:\/\/uelzener.de\/magazin\/hund\/haeufige-fragen\/gaehnen-hunde-katzen-pferde\/#breadcrumb\"},\"inLanguage\":\"de\",\"potentialAction\":[{\"@type\":\"ReadAction\",\"target\":[\"https:\/\/uelzener.de\/magazin\/hund\/haeufige-fragen\/gaehnen-hunde-katzen-pferde\/\"]}]},{\"@type\":\"ImageObject\",\"inLanguage\":\"de\",\"@id\":\"https:\/\/uelzener.de\/magazin\/hund\/haeufige-fragen\/gaehnen-hunde-katzen-pferde\/#primaryimage\",\"url\":\"https:\/\/uelzener.de\/magazin\/app\/uploads\/2016\/12\/8141e027-41c3-4257-ba6e-21d00ca9fdfe.jpg\",\"contentUrl\":\"https:\/\/uelzener.de\/magazin\/app\/uploads\/2016\/12\/8141e027-41c3-4257-ba6e-21d00ca9fdfe.jpg\",\"width\":650,\"height\":432,\"caption\":\"Kleiner grauer Welpe g\u00e4hnt entspannt mit heraush\u00e4ngender Zunge.\"},{\"@type\":\"WebSite\",\"@id\":\"https:\/\/uelzener.de\/magazin\/#website\",\"url\":\"https:\/\/uelzener.de\/magazin\/\",\"name\":\"Uelzener Tiermagazin\",\"description\":\"Online Tierratgeber der Uelzener Versicherungen\",\"publisher\":{\"@id\":\"https:\/\/uelzener.de\/magazin\/#organization\"},\"potentialAction\":[{\"@type\":\"SearchAction\",\"target\":{\"@type\":\"EntryPoint\",\"urlTemplate\":\"https:\/\/uelzener.de\/magazin\/?s={search_term_string}\"},\"query-input\":{\"@type\":\"PropertyValueSpecification\",\"valueRequired\":true,\"valueName\":\"search_term_string\"}}],\"inLanguage\":\"de\"},{\"@type\":\"Organization\",\"@id\":\"https:\/\/uelzener.de\/magazin\/#organization\",\"name\":\"Uelzener Versicherungen\",\"url\":\"https:\/\/uelzener.de\/magazin\/\",\"logo\":{\"@type\":\"ImageObject\",\"inLanguage\":\"de\",\"@id\":\"https:\/\/uelzener.de\/magazin\/#\/schema\/logo\/image\/\",\"url\":\"https:\/\/uelzener.de\/magazin\/app\/uploads\/2024\/11\/uelzener_allgemeine_versicherungsgesellschaft_a_g_logo.jpg\",\"contentUrl\":\"https:\/\/uelzener.de\/magazin\/app\/uploads\/2024\/11\/uelzener_allgemeine_versicherungsgesellschaft_a_g_logo.jpg\",\"width\":200,\"height\":200,\"caption\":\"Uelzener Versicherungen\"},\"image\":{\"@id\":\"https:\/\/uelzener.de\/magazin\/#\/schema\/logo\/image\/\"},\"sameAs\":[\"https:\/\/www.facebook.com\/Uelzener\",\"https:\/\/instagram.com\/uelzener\",\"https:\/\/www.xing.com\/pages\/uelzenerallgemeineversicherungs-gesellschafta-g\",\"https:\/\/www.youtube.com\/UelzenerVersicherungen\"]}]}<\/script>\n<!-- \/ Yoast SEO Premium plugin. -->","yoast_head_json":{"title":"Warum g\u00e4hnen Hunde, Katzen und Pferde? | Uelzener Tier-Magazin","description":"Wir erkl\u00e4ren verschiedene Thesen, warum \u2713 Hunde \u2713 Katzen & \u2713 Pferde g\u00e4hnen und was es bedeuten kann! \u25b6 Hier informieren!","robots":{"index":"index","follow":"follow","max-snippet":"max-snippet:-1","max-image-preview":"max-image-preview:large","max-video-preview":"max-video-preview:-1"},"canonical":"https:\/\/uelzener.de\/magazin\/hund\/haeufige-fragen\/gaehnen-hunde-katzen-pferde\/","og_locale":"de_DE","og_type":"article","og_title":"Warum g\u00e4hnen Hunde, Katzen und Pferde?","og_description":"Wir erkl\u00e4ren verschiedene Thesen, warum \u2713 Hunde \u2713 Katzen & \u2713 Pferde g\u00e4hnen und was es bedeuten kann! \u25b6 Hier informieren!","og_url":"https:\/\/uelzener.de\/magazin\/hund\/haeufige-fragen\/gaehnen-hunde-katzen-pferde\/","og_site_name":"Uelzener Tier-Magazin","article_publisher":"https:\/\/www.facebook.com\/Uelzener","article_modified_time":"2025-08-28T10:57:01+00:00","og_image":[{"width":650,"height":432,"url":"https:\/\/uelzener.de\/magazin\/app\/uploads\/2016\/12\/8141e027-41c3-4257-ba6e-21d00ca9fdfe.jpg","type":"image\/jpeg"}],"twitter_card":"summary_large_image","twitter_misc":{"Gesch\u00e4tzte Lesezeit":"4\u00a0Minuten"},"schema":{"@context":"https:\/\/schema.org","@graph":[{"@type":"WebPage","@id":"https:\/\/uelzener.de\/magazin\/hund\/haeufige-fragen\/gaehnen-hunde-katzen-pferde\/","url":"https:\/\/uelzener.de\/magazin\/hund\/haeufige-fragen\/gaehnen-hunde-katzen-pferde\/","name":"Warum g\u00e4hnen Hunde, Katzen und Pferde? | Uelzener Tier-Magazin","isPartOf":{"@id":"https:\/\/uelzener.de\/magazin\/#website"},"primaryImageOfPage":{"@id":"https:\/\/uelzener.de\/magazin\/hund\/haeufige-fragen\/gaehnen-hunde-katzen-pferde\/#primaryimage"},"image":{"@id":"https:\/\/uelzener.de\/magazin\/hund\/haeufige-fragen\/gaehnen-hunde-katzen-pferde\/#primaryimage"},"thumbnailUrl":"https:\/\/uelzener.de\/magazin\/app\/uploads\/2016\/12\/8141e027-41c3-4257-ba6e-21d00ca9fdfe.jpg","datePublished":"2016-12-16T00:00:00+00:00","dateModified":"2025-08-28T10:57:01+00:00","description":"Wir erkl\u00e4ren verschiedene Thesen, warum \u2713 Hunde \u2713 Katzen & \u2713 Pferde g\u00e4hnen und was es bedeuten kann! \u25b6 Hier informieren!","breadcrumb":{"@id":"https:\/\/uelzener.de\/magazin\/hund\/haeufige-fragen\/gaehnen-hunde-katzen-pferde\/#breadcrumb"},"inLanguage":"de","potentialAction":[{"@type":"ReadAction","target":["https:\/\/uelzener.de\/magazin\/hund\/haeufige-fragen\/gaehnen-hunde-katzen-pferde\/"]}]},{"@type":"ImageObject","inLanguage":"de","@id":"https:\/\/uelzener.de\/magazin\/hund\/haeufige-fragen\/gaehnen-hunde-katzen-pferde\/#primaryimage","url":"https:\/\/uelzener.de\/magazin\/app\/uploads\/2016\/12\/8141e027-41c3-4257-ba6e-21d00ca9fdfe.jpg","contentUrl":"https:\/\/uelzener.de\/magazin\/app\/uploads\/2016\/12\/8141e027-41c3-4257-ba6e-21d00ca9fdfe.jpg","width":650,"height":432,"caption":"Kleiner grauer Welpe g\u00e4hnt entspannt mit heraush\u00e4ngender Zunge."},{"@type":"WebSite","@id":"https:\/\/uelzener.de\/magazin\/#website","url":"https:\/\/uelzener.de\/magazin\/","name":"Uelzener Tiermagazin","description":"Online Tierratgeber der Uelzener Versicherungen","publisher":{"@id":"https:\/\/uelzener.de\/magazin\/#organization"},"potentialAction":[{"@type":"SearchAction","target":{"@type":"EntryPoint","urlTemplate":"https:\/\/uelzener.de\/magazin\/?s={search_term_string}"},"query-input":{"@type":"PropertyValueSpecification","valueRequired":true,"valueName":"search_term_string"}}],"inLanguage":"de"},{"@type":"Organization","@id":"https:\/\/uelzener.de\/magazin\/#organization","name":"Uelzener Versicherungen","url":"https:\/\/uelzener.de\/magazin\/","logo":{"@type":"ImageObject","inLanguage":"de","@id":"https:\/\/uelzener.de\/magazin\/#\/schema\/logo\/image\/","url":"https:\/\/uelzener.de\/magazin\/app\/uploads\/2024\/11\/uelzener_allgemeine_versicherungsgesellschaft_a_g_logo.jpg","contentUrl":"https:\/\/uelzener.de\/magazin\/app\/uploads\/2024\/11\/uelzener_allgemeine_versicherungsgesellschaft_a_g_logo.jpg","width":200,"height":200,"caption":"Uelzener Versicherungen"},"image":{"@id":"https:\/\/uelzener.de\/magazin\/#\/schema\/logo\/image\/"},"sameAs":["https:\/\/www.facebook.com\/Uelzener","https:\/\/instagram.com\/uelzener","https:\/\/www.xing.com\/pages\/uelzenerallgemeineversicherungs-gesellschafta-g","https:\/\/www.youtube.com\/UelzenerVersicherungen"]}]}},"_links":{"self":[{"href":"https:\/\/uelzener.de\/magazin\/wp-json\/wp\/v2\/pages\/10021","targetHints":{"allow":["GET"]}}],"collection":[{"href":"https:\/\/uelzener.de\/magazin\/wp-json\/wp\/v2\/pages"}],"about":[{"href":"https:\/\/uelzener.de\/magazin\/wp-json\/wp\/v2\/types\/page"}],"author":[{"embeddable":true,"href":"https:\/\/uelzener.de\/magazin\/wp-json\/wp\/v2\/users\/1"}],"replies":[{"embeddable":true,"href":"https:\/\/uelzener.de\/magazin\/wp-json\/wp\/v2\/comments?post=10021"}],"version-history":[{"count":20,"href":"https:\/\/uelzener.de\/magazin\/wp-json\/wp\/v2\/pages\/10021\/revisions"}],"predecessor-version":[{"id":19083,"href":"https:\/\/uelzener.de\/magazin\/wp-json\/wp\/v2\/pages\/10021\/revisions\/19083"}],"up":[{"embeddable":true,"href":"https:\/\/uelzener.de\/magazin\/wp-json\/wp\/v2\/pages\/11687"}],"wp:featuredmedia":[{"embeddable":true,"href":"https:\/\/uelzener.de\/magazin\/wp-json\/wp\/v2\/media\/10611"}],"wp:attachment":[{"href":"https:\/\/uelzener.de\/magazin\/wp-json\/wp\/v2\/media?parent=10021"}],"curies":[{"name":"wp","href":"https:\/\/api.w.org\/{rel}","templated":true}]}}