{"id":10020,"date":"2022-01-07T00:00:00","date_gmt":"2022-01-06T23:00:00","guid":{"rendered":""},"modified":"2024-04-10T16:20:34","modified_gmt":"2024-04-10T14:20:34","slug":"uebergewicht-hund-abnehmen","status":"publish","type":"page","link":"https:\/\/uelzener.de\/magazin\/hund\/tiergesundheit\/uebergewicht-hund-abnehmen\/","title":{"rendered":"\u00dcbergewicht beim Hund: Abnehmen mit einer Hunde-Di\u00e4t"},"content":{"rendered":"<p>Viele Menschen kennen dieses schwerwiegende Problem: \u00dcbergewicht. Doch auch unsere Hunde neigen schnell zu \u00dcbergewicht und leiden unter den zus\u00e4tzlichen Kilos. Hauptursachen f\u00fcr das \u00dcbergewicht sind wie bei uns Menschen meistens zu viel Futter und zu wenig Bewegung. Als Hundehalter:in steht man jedoch in der Verantwortung, auf das Gewicht und somit auf die Gesundheit seines Hundes zu achten. Ohne die Unterst\u00fctzung des Menschen kann ein Hund sein Idealgewicht nicht erreichen und halten.<\/p>\n<h2><strong>\u00dcbergewicht beim Hund erkennen<\/strong><\/h2>\n<p>Das Gewicht allein reicht zu einer korrekten Beurteilung des Ern\u00e4hrungszustandes oft nicht aus, denn die angegebenen idealen Gewichte der verschiedenen Rassen k\u00f6nnen bei zierlichen oder kr\u00e4ftig gebauten Tieren schon mal abweichen. Sinnvoller ist es, zus\u00e4tzlich zum Gewicht auf folgende Anzeichen zu achten:<\/p>\n<ol>\n<li>Hat der Hund von oben betrachtet eine <strong>Taille<\/strong>? Wenn nicht, kann dies ein Anzeichen f\u00fcr \u00dcbergewicht sein.<\/li>\n<li><strong>H\u00e4ngt der Bauch<\/strong>? Schaut man den Hund von der Seite an, h\u00e4ngt der Bauch bei einem \u00fcbergewichtigen Hund nach unten, w\u00e4hrend ein Hund mit guter Figur vom Brustkorb zum Becken eine ansteigende Linie aufweist.<\/li>\n<li>Sind die <strong>Rippen<\/strong> gut zu <strong>ertasten<\/strong>? Sie sollten durch eine leichte Fettschicht hindurch bei sanftem (!) Druck mit der Handfl\u00e4che gut sp\u00fcrbar sein. Muss man mehr Druck aufwenden, um etwas zu sp\u00fcren, hat der Hund zu viel Speck auf den Rippen. Auch am Ansatz der Rute k\u00f6nnen sich verr\u00e4terische Fettschichten bilden.<\/li>\n<li>Hat der Hund <strong>wenig Lust sich zu bewegen<\/strong>?<\/li>\n<li>Leidet der Hund an <strong>Atemproblemen<\/strong> oder hechelt schnell?<\/li>\n<\/ol>\n<h2><strong>Wie kommt es zum \u00dcbergewicht?<\/strong><\/h2>\n<p>Grund f\u00fcr zu viel Gewicht beim Hund ist immer eine dem Energiebedarf nicht angepasste F\u00fctterung. Die Verantwortung hierf\u00fcr liegt also ausschlie\u00dflich beim Menschen. Als Hundehalter:in sollte man stets ein Auge auf das Gewicht der <a href=\"https:\/\/uelzener.de\/welpen\/\"><strong>Welpen<\/strong> <\/a>und ausgewachsenen Hunden haben und die F\u00fctterung anpassen, sollte man bemerken, dass der Vierbeiner entweder zu wenig oder zu viel auf den Rippen hat.<\/p>\n<h3><strong>\u00dcbergewicht beim Hund durch Krankheit<\/strong><\/h3>\n<p>Manchmal kann auch eine Erkrankung hinter dem \u00dcbergewicht des Hundes stecken. Allen voran nat\u00fcrlich die Erkrankungen, durch die sich der Hund weniger bewegt und folglich einen geringeren Energiebedarf hat. Das ist zum Beispiel bei Gelenkserkrankungen, wie H\u00fcftgelenksdysplasie und <a href=\"https:\/\/uelzener.de\/magazin\/hund\/tiergesundheit\/arthrose-beim-hund-wie-man-sie-erkennt-und-behandeln-kann\/\">Arthrose<\/a>, bei Herz-Kreislauf-Erkrankungen sowie bei Atemwegserkrankungen der Fall. Dar\u00fcber hinaus kann auch eine St\u00f6rung der <a href=\"https:\/\/uelzener.de\/magazin\/hund\/tiergesundheit\/schilddruesenunterfunktion-hypothyreose-beim-hund\/\" target=\"_blank\" rel=\"noopener\">Schilddr\u00fcsenfunktion (Hypothyreose)<\/a> oder eine Fehlfunktion der Nebenniere (Morbus Cushing) zu \u00dcbergewicht f\u00fchren. Achtung: Krankheitsbedingte Wassereinlagerungen k\u00f6nnen wie \u00dcbergewicht erscheinen. Dies sollte durch eine:n Tier\u00e4rzt:in ausgeschlossen werden.<\/p>\n<p>Bestimmte <strong>Medikamente<\/strong> ver\u00e4ndern au\u00dferdem den Energiebedarf oder erh\u00f6hen den Appetit und k\u00f6nnen somit bei regelm\u00e4\u00dfiger Einnahme zur Gewichtszunahme beitragen. Daher ist es wichtig, bei den ersten Anzeichen von \u00dcbergewicht die Ursachen tier\u00e4rztlich abzukl\u00e4ren.<\/p>\n<h3><strong>Kastration als Ursache f\u00fcr die Gewichtszunahme beim Hund?<\/strong><\/h3>\n<p>H\u00e4ufig neigen kastrierte Hunde zu \u00dcbergewicht. Schuld daran ist der <strong>ver\u00e4nderte Hormonhaushalt<\/strong>. Der Grundstoffwechsel kann sich um bis zu 30 Prozent verringern. Dar\u00fcber hinaus haben die Hormone Testosteron und \u00d6strogen eine appetitd\u00e4mpfende Wirkung. Da diese Hormone nach der <a href=\"https:\/\/uelzener.de\/magazin\/hund\/tiergesundheit\/kastration-hund-huendin\/\">Kastration<\/a> weniger produziert werden, tritt bei den Hunden das S\u00e4ttigungsgef\u00fchl erst sp\u00e4ter ein. Dementsprechend sollten Hundehalter:innen die F\u00fctterung des Vierbeiners anpassen, damit es nicht zu gesundheitlichen Problemen kommt.<\/p>\n<h2><strong>Folgen durch \u00dcbergewicht beim Hund<\/strong><\/h2>\n<p>\u00dcbergewicht kann zu schweren gesundheitlichen Folgesch\u00e4den f\u00fchren, weshalb das Gewicht stets im Blick behalten werden sollte. Durch die \u00fcberfl\u00fcssigen Kilos ist der Vierbeiner in seiner Bewegung eingeschr\u00e4nkt und die Lebensqualit\u00e4t sinkt. Die Gelenke des Hundes werden durch das zus\u00e4tzliche Gewicht stark belastet. Auch Herz und Kreislauf werden in Mitleidenschaft gezogen. Erkrankungen am Herzen, <a href=\"https:\/\/uelzener.de\/magazin\/hund\/tiergesundheit\/diabetes-beim-hund\/\">Diabetes mellitus<\/a> und eine geschw\u00e4chte Immunabwehr sind als weitere Folgen keine Seltenheit. Dar\u00fcber hinaus ist erwiesen, dass \u00dcbergewicht das Leben eines Hundes deutlich verk\u00fcrzen kann.<\/p>\n<h2><strong>Wie wird der Hund das \u00dcbergewicht wieder los?<\/strong><\/h2>\n<p>Das einfachste Rezept gegen \u00dcbergewicht bei einem ansonsten gesunden Hund ist viel Bewegung bei gut dosierter F\u00fctterung. Einfach gesagt: Der Hund sollte nicht mehr Energie durch das Futter aufnehmen als er verbraucht. Zum Futter geh\u00f6ren nat\u00fcrlich auch Leckerlis. Kommt man nicht ohne gelegentliche Belohnung aus, muss diese Leckerligabe vom restlichen Futter abgezogen werden.<\/p>\n<p>Ist der Hund bereits zu dick, beginnt man die Di\u00e4t mit einem Termin beim Tierarzt oder der Tier\u00e4rztin. Eine \u00e4rztlich betreute, kontinuierliche, ma\u00dfvolle Gewichtsreduktion durch spezielle Di\u00e4tfuttermittel und einen sinnvollen Trainingsplan helfen, den Hund langsam wieder auf ein gesundes Gewicht zu bringen. Um dem \u00dcbergewicht vorzubeugen, kann man zum Beispiel kastrierten oder \u00e4lteren Hunden extra Futtermittel anbieten, die ihre ver\u00e4nderte Stoffwechselsituation ber\u00fccksichtigen. Und nat\u00fcrlich kommt mehr Bewegung auf den Tagesplan. Um auf Nummer sicher zu gehen, ist es ratsam, auch den Hund regelm\u00e4\u00dfig checken zu lassen und demnach auch eine gute <strong>Hunde-Krankenversicherung<\/strong> abzuschlie\u00dfen.<\/p>\n\n<div class=\"banner\">\n    <a href=\"https:\/\/uelzener.de\/hund\/hunde-krankenversicherung\/?agt=0000104925&sem=true&utm_medium=magazin&utm_source=wordpress&utm_campaign=hund_kv&utm_content=banner\">\n        <img decoding=\"async\" width=\"300\" height=\"212\" src=\"https:\/\/uelzener.de\/magazin\/app\/uploads\/2025\/01\/Hunde-Kranken-Versicherung.jpg\" class=\"attachment-medium size-medium\" alt=\"Banner Hunde-Kranken-Versicherung\" \/>    <\/a>\n<\/div>\n\n","protected":false},"excerpt":{"rendered":"<p>Viele Menschen kennen dieses schwerwiegende Problem: \u00dcbergewicht. Doch auch unsere Hunde neigen schnell zu \u00dcbergewicht und leiden unter den zus\u00e4tzlichen Kilos. Hauptursachen f\u00fcr das \u00dcbergewicht sind wie bei uns Menschen meistens zu viel Futter und zu wenig Bewegung. Als Hundehalter:in steht man jedoch in der Verantwortung, auf das Gewicht und somit auf die Gesundheit seines [&hellip;]<\/p>\n","protected":false},"author":1,"featured_media":12978,"parent":11701,"menu_order":45,"comment_status":"open","ping_status":"open","template":"templates\/blog.php","meta":{"_acf_changed":false,"_crdt_document":"","footnotes":"","beyondwords_generate_audio":"0","beyondwords_project_id":"","beyondwords_content_id":"","beyondwords_preview_token":"","beyondwords_player_style":"","beyondwords_language_id":"","beyondwords_title_voice_id":"","beyondwords_body_voice_id":"","beyondwords_summary_voice_id":"","beyondwords_error_message":"","beyondwords_disabled":"","beyondwords_delete_content":"","beyondwords_podcast_id":"","beyondwords_hash":"","publish_post_to_speechkit":"","speechkit_hash":"","speechkit_generate_audio":"","speechkit_project_id":"","speechkit_podcast_id":"","speechkit_error_message":"","speechkit_disabled":"","speechkit_access_key":"","speechkit_error":"","speechkit_info":"","speechkit_response":"","speechkit_retries":"","speechkit_status":"","speechkit_updated_at":"","_speechkit_link":"","_speechkit_text":""},"class_list":["post-10020","page","type-page","status-publish","has-post-thumbnail","hentry"],"acf":[],"yoast_head":"<!-- This site is optimized with the Yoast SEO Premium plugin  - https:\/\/yoast.com\/product\/yoast-seo-premium-wordpress\/ -->\n<title>\u00dcbergewicht beim Hund \u2013 Tipps zum Abnehmen | Uelzener<\/title>\n<meta name=\"description\" content=\"Erfahre alles zum \u00dcbergewicht bei Hunden \u2713 Gr\u00fcnde \u2713 Diagnose \u2713 Folgesch\u00e4den \u2713 Di\u00e4t \u2713 Vorbeugung \u25b6 Hier informieren!\" \/>\n<meta name=\"robots\" content=\"index, follow, max-snippet:-1, max-image-preview:large, max-video-preview:-1\" \/>\n<link rel=\"canonical\" href=\"https:\/\/uelzener.de\/magazin\/hund\/tiergesundheit\/uebergewicht-hund-abnehmen\/\" \/>\n<meta property=\"og:locale\" content=\"de_DE\" \/>\n<meta property=\"og:type\" content=\"article\" \/>\n<meta property=\"og:title\" content=\"\u00dcbergewicht beim Hund: Abnehmen mit einer Hunde-Di\u00e4t\" \/>\n<meta property=\"og:description\" content=\"Erfahre alles zum \u00dcbergewicht bei Hunden \u2713 Gr\u00fcnde \u2713 Diagnose \u2713 Folgesch\u00e4den \u2713 Di\u00e4t \u2713 Vorbeugung \u25b6 Hier informieren!\" \/>\n<meta property=\"og:url\" content=\"https:\/\/uelzener.de\/magazin\/hund\/tiergesundheit\/uebergewicht-hund-abnehmen\/\" \/>\n<meta property=\"og:site_name\" content=\"Uelzener Tier-Magazin\" \/>\n<meta property=\"article:publisher\" content=\"https:\/\/www.facebook.com\/Uelzener\" \/>\n<meta property=\"article:modified_time\" content=\"2024-04-10T14:20:34+00:00\" \/>\n<meta property=\"og:image\" content=\"https:\/\/uelzener.de\/magazin\/app\/uploads\/2022\/01\/Abnehmen_Hund_neu.jpg\" \/>\n\t<meta property=\"og:image:width\" content=\"1024\" \/>\n\t<meta property=\"og:image:height\" content=\"450\" \/>\n\t<meta property=\"og:image:type\" content=\"image\/jpeg\" \/>\n<meta name=\"twitter:card\" content=\"summary_large_image\" \/>\n<meta name=\"twitter:label1\" content=\"Gesch\u00e4tzte Lesezeit\" \/>\n\t<meta name=\"twitter:data1\" content=\"4\u00a0Minuten\" \/>\n<script type=\"application\/ld+json\" class=\"yoast-schema-graph\">{\"@context\":\"https:\\\/\\\/schema.org\",\"@graph\":[{\"@type\":\"WebPage\",\"@id\":\"https:\\\/\\\/uelzener.de\\\/magazin\\\/hund\\\/tiergesundheit\\\/uebergewicht-hund-abnehmen\\\/\",\"url\":\"https:\\\/\\\/uelzener.de\\\/magazin\\\/hund\\\/tiergesundheit\\\/uebergewicht-hund-abnehmen\\\/\",\"name\":\"\u00dcbergewicht beim Hund \u2013 Tipps zum Abnehmen | Uelzener\",\"isPartOf\":{\"@id\":\"https:\\\/\\\/uelzener.de\\\/magazin\\\/#website\"},\"primaryImageOfPage\":{\"@id\":\"https:\\\/\\\/uelzener.de\\\/magazin\\\/hund\\\/tiergesundheit\\\/uebergewicht-hund-abnehmen\\\/#primaryimage\"},\"image\":{\"@id\":\"https:\\\/\\\/uelzener.de\\\/magazin\\\/hund\\\/tiergesundheit\\\/uebergewicht-hund-abnehmen\\\/#primaryimage\"},\"thumbnailUrl\":\"https:\\\/\\\/uelzener.de\\\/magazin\\\/app\\\/uploads\\\/2022\\\/01\\\/Abnehmen_Hund_neu.jpg\",\"datePublished\":\"2022-01-06T23:00:00+00:00\",\"dateModified\":\"2024-04-10T14:20:34+00:00\",\"description\":\"Erfahre alles zum \u00dcbergewicht bei Hunden \u2713 Gr\u00fcnde \u2713 Diagnose \u2713 Folgesch\u00e4den \u2713 Di\u00e4t \u2713 Vorbeugung \u25b6 Hier informieren!\",\"breadcrumb\":{\"@id\":\"https:\\\/\\\/uelzener.de\\\/magazin\\\/hund\\\/tiergesundheit\\\/uebergewicht-hund-abnehmen\\\/#breadcrumb\"},\"inLanguage\":\"de\",\"potentialAction\":[{\"@type\":\"ReadAction\",\"target\":[\"https:\\\/\\\/uelzener.de\\\/magazin\\\/hund\\\/tiergesundheit\\\/uebergewicht-hund-abnehmen\\\/\"]}]},{\"@type\":\"ImageObject\",\"inLanguage\":\"de\",\"@id\":\"https:\\\/\\\/uelzener.de\\\/magazin\\\/hund\\\/tiergesundheit\\\/uebergewicht-hund-abnehmen\\\/#primaryimage\",\"url\":\"https:\\\/\\\/uelzener.de\\\/magazin\\\/app\\\/uploads\\\/2022\\\/01\\\/Abnehmen_Hund_neu.jpg\",\"contentUrl\":\"https:\\\/\\\/uelzener.de\\\/magazin\\\/app\\\/uploads\\\/2022\\\/01\\\/Abnehmen_Hund_neu.jpg\",\"width\":1024,\"height\":450,\"caption\":\"Hellbrauner Hund sitzt vor leerem Napf er will fressen, aber \u00dcbergewicht bei Hunden ist nicht zu untersch\u00e4tzen.\"},{\"@type\":\"WebSite\",\"@id\":\"https:\\\/\\\/uelzener.de\\\/magazin\\\/#website\",\"url\":\"https:\\\/\\\/uelzener.de\\\/magazin\\\/\",\"name\":\"Uelzener Tiermagazin\",\"description\":\"Online Tierratgeber der Uelzener Versicherungen\",\"publisher\":{\"@id\":\"https:\\\/\\\/uelzener.de\\\/magazin\\\/#organization\"},\"potentialAction\":[{\"@type\":\"SearchAction\",\"target\":{\"@type\":\"EntryPoint\",\"urlTemplate\":\"https:\\\/\\\/uelzener.de\\\/magazin\\\/?s={search_term_string}\"},\"query-input\":{\"@type\":\"PropertyValueSpecification\",\"valueRequired\":true,\"valueName\":\"search_term_string\"}}],\"inLanguage\":\"de\"},{\"@type\":\"Organization\",\"@id\":\"https:\\\/\\\/uelzener.de\\\/magazin\\\/#organization\",\"name\":\"Uelzener Versicherungen\",\"url\":\"https:\\\/\\\/uelzener.de\\\/magazin\\\/\",\"logo\":{\"@type\":\"ImageObject\",\"inLanguage\":\"de\",\"@id\":\"https:\\\/\\\/uelzener.de\\\/magazin\\\/#\\\/schema\\\/logo\\\/image\\\/\",\"url\":\"https:\\\/\\\/uelzener.de\\\/magazin\\\/app\\\/uploads\\\/2024\\\/11\\\/uelzener_allgemeine_versicherungsgesellschaft_a_g_logo.jpg\",\"contentUrl\":\"https:\\\/\\\/uelzener.de\\\/magazin\\\/app\\\/uploads\\\/2024\\\/11\\\/uelzener_allgemeine_versicherungsgesellschaft_a_g_logo.jpg\",\"width\":200,\"height\":200,\"caption\":\"Uelzener Versicherungen\"},\"image\":{\"@id\":\"https:\\\/\\\/uelzener.de\\\/magazin\\\/#\\\/schema\\\/logo\\\/image\\\/\"},\"sameAs\":[\"https:\\\/\\\/www.facebook.com\\\/Uelzener\",\"https:\\\/\\\/instagram.com\\\/uelzener\",\"https:\\\/\\\/www.xing.com\\\/pages\\\/uelzenerallgemeineversicherungs-gesellschafta-g\",\"https:\\\/\\\/www.youtube.com\\\/UelzenerVersicherungen\"]}]}<\/script>\n<!-- \/ Yoast SEO Premium plugin. -->","yoast_head_json":{"title":"\u00dcbergewicht beim Hund \u2013 Tipps zum Abnehmen | Uelzener","description":"Erfahre alles zum \u00dcbergewicht bei Hunden \u2713 Gr\u00fcnde \u2713 Diagnose \u2713 Folgesch\u00e4den \u2713 Di\u00e4t \u2713 Vorbeugung \u25b6 Hier informieren!","robots":{"index":"index","follow":"follow","max-snippet":"max-snippet:-1","max-image-preview":"max-image-preview:large","max-video-preview":"max-video-preview:-1"},"canonical":"https:\/\/uelzener.de\/magazin\/hund\/tiergesundheit\/uebergewicht-hund-abnehmen\/","og_locale":"de_DE","og_type":"article","og_title":"\u00dcbergewicht beim Hund: Abnehmen mit einer Hunde-Di\u00e4t","og_description":"Erfahre alles zum \u00dcbergewicht bei Hunden \u2713 Gr\u00fcnde \u2713 Diagnose \u2713 Folgesch\u00e4den \u2713 Di\u00e4t \u2713 Vorbeugung \u25b6 Hier informieren!","og_url":"https:\/\/uelzener.de\/magazin\/hund\/tiergesundheit\/uebergewicht-hund-abnehmen\/","og_site_name":"Uelzener Tier-Magazin","article_publisher":"https:\/\/www.facebook.com\/Uelzener","article_modified_time":"2024-04-10T14:20:34+00:00","og_image":[{"width":1024,"height":450,"url":"https:\/\/uelzener.de\/magazin\/app\/uploads\/2022\/01\/Abnehmen_Hund_neu.jpg","type":"image\/jpeg"}],"twitter_card":"summary_large_image","twitter_misc":{"Gesch\u00e4tzte Lesezeit":"4\u00a0Minuten"},"schema":{"@context":"https:\/\/schema.org","@graph":[{"@type":"WebPage","@id":"https:\/\/uelzener.de\/magazin\/hund\/tiergesundheit\/uebergewicht-hund-abnehmen\/","url":"https:\/\/uelzener.de\/magazin\/hund\/tiergesundheit\/uebergewicht-hund-abnehmen\/","name":"\u00dcbergewicht beim Hund \u2013 Tipps zum Abnehmen | Uelzener","isPartOf":{"@id":"https:\/\/uelzener.de\/magazin\/#website"},"primaryImageOfPage":{"@id":"https:\/\/uelzener.de\/magazin\/hund\/tiergesundheit\/uebergewicht-hund-abnehmen\/#primaryimage"},"image":{"@id":"https:\/\/uelzener.de\/magazin\/hund\/tiergesundheit\/uebergewicht-hund-abnehmen\/#primaryimage"},"thumbnailUrl":"https:\/\/uelzener.de\/magazin\/app\/uploads\/2022\/01\/Abnehmen_Hund_neu.jpg","datePublished":"2022-01-06T23:00:00+00:00","dateModified":"2024-04-10T14:20:34+00:00","description":"Erfahre alles zum \u00dcbergewicht bei Hunden \u2713 Gr\u00fcnde \u2713 Diagnose \u2713 Folgesch\u00e4den \u2713 Di\u00e4t \u2713 Vorbeugung \u25b6 Hier informieren!","breadcrumb":{"@id":"https:\/\/uelzener.de\/magazin\/hund\/tiergesundheit\/uebergewicht-hund-abnehmen\/#breadcrumb"},"inLanguage":"de","potentialAction":[{"@type":"ReadAction","target":["https:\/\/uelzener.de\/magazin\/hund\/tiergesundheit\/uebergewicht-hund-abnehmen\/"]}]},{"@type":"ImageObject","inLanguage":"de","@id":"https:\/\/uelzener.de\/magazin\/hund\/tiergesundheit\/uebergewicht-hund-abnehmen\/#primaryimage","url":"https:\/\/uelzener.de\/magazin\/app\/uploads\/2022\/01\/Abnehmen_Hund_neu.jpg","contentUrl":"https:\/\/uelzener.de\/magazin\/app\/uploads\/2022\/01\/Abnehmen_Hund_neu.jpg","width":1024,"height":450,"caption":"Hellbrauner Hund sitzt vor leerem Napf er will fressen, aber \u00dcbergewicht bei Hunden ist nicht zu untersch\u00e4tzen."},{"@type":"WebSite","@id":"https:\/\/uelzener.de\/magazin\/#website","url":"https:\/\/uelzener.de\/magazin\/","name":"Uelzener Tiermagazin","description":"Online Tierratgeber der Uelzener Versicherungen","publisher":{"@id":"https:\/\/uelzener.de\/magazin\/#organization"},"potentialAction":[{"@type":"SearchAction","target":{"@type":"EntryPoint","urlTemplate":"https:\/\/uelzener.de\/magazin\/?s={search_term_string}"},"query-input":{"@type":"PropertyValueSpecification","valueRequired":true,"valueName":"search_term_string"}}],"inLanguage":"de"},{"@type":"Organization","@id":"https:\/\/uelzener.de\/magazin\/#organization","name":"Uelzener Versicherungen","url":"https:\/\/uelzener.de\/magazin\/","logo":{"@type":"ImageObject","inLanguage":"de","@id":"https:\/\/uelzener.de\/magazin\/#\/schema\/logo\/image\/","url":"https:\/\/uelzener.de\/magazin\/app\/uploads\/2024\/11\/uelzener_allgemeine_versicherungsgesellschaft_a_g_logo.jpg","contentUrl":"https:\/\/uelzener.de\/magazin\/app\/uploads\/2024\/11\/uelzener_allgemeine_versicherungsgesellschaft_a_g_logo.jpg","width":200,"height":200,"caption":"Uelzener Versicherungen"},"image":{"@id":"https:\/\/uelzener.de\/magazin\/#\/schema\/logo\/image\/"},"sameAs":["https:\/\/www.facebook.com\/Uelzener","https:\/\/instagram.com\/uelzener","https:\/\/www.xing.com\/pages\/uelzenerallgemeineversicherungs-gesellschafta-g","https:\/\/www.youtube.com\/UelzenerVersicherungen"]}]}},"_links":{"self":[{"href":"https:\/\/uelzener.de\/magazin\/wp-json\/wp\/v2\/pages\/10020","targetHints":{"allow":["GET"]}}],"collection":[{"href":"https:\/\/uelzener.de\/magazin\/wp-json\/wp\/v2\/pages"}],"about":[{"href":"https:\/\/uelzener.de\/magazin\/wp-json\/wp\/v2\/types\/page"}],"author":[{"embeddable":true,"href":"https:\/\/uelzener.de\/magazin\/wp-json\/wp\/v2\/users\/1"}],"replies":[{"embeddable":true,"href":"https:\/\/uelzener.de\/magazin\/wp-json\/wp\/v2\/comments?post=10020"}],"version-history":[{"count":12,"href":"https:\/\/uelzener.de\/magazin\/wp-json\/wp\/v2\/pages\/10020\/revisions"}],"predecessor-version":[{"id":17271,"href":"https:\/\/uelzener.de\/magazin\/wp-json\/wp\/v2\/pages\/10020\/revisions\/17271"}],"up":[{"embeddable":true,"href":"https:\/\/uelzener.de\/magazin\/wp-json\/wp\/v2\/pages\/11701"}],"wp:featuredmedia":[{"embeddable":true,"href":"https:\/\/uelzener.de\/magazin\/wp-json\/wp\/v2\/media\/12978"}],"wp:attachment":[{"href":"https:\/\/uelzener.de\/magazin\/wp-json\/wp\/v2\/media?parent=10020"}],"curies":[{"name":"wp","href":"https:\/\/api.w.org\/{rel}","templated":true}]}}