{"id":10017,"date":"2023-06-02T06:30:00","date_gmt":"2023-06-02T04:30:00","guid":{"rendered":"https:\/\/uelzener.de\/magazin\/hund\/erziehung-und-training\/hundeschule-ja-oder-nein\/"},"modified":"2026-03-27T15:45:10","modified_gmt":"2026-03-27T14:45:10","slug":"hundeschule-ja-oder-nein","status":"publish","type":"page","link":"https:\/\/uelzener.de\/magazin\/hund\/erziehung-und-training\/hundeschule-ja-oder-nein\/","title":{"rendered":"Hundeschule: F\u00fcr wen lohnt es sich?"},"content":{"rendered":"<p>Hundeschule macht Spa\u00df, jedenfalls, wenn es die passende ist. Hier erf\u00e4hrst du, was dir und deinem Hund eine Welpenschule bringt, worauf du bei der Auswahl einer Hundeschule unbedingt achten solltest und bei welchen TV-Hundetrainer:innen es sich lohnt vorbeizuschauen.<\/p>\n<h2>Wie wichtig ist eine Welpenschule?<\/h2>\n<p>Gerade junge Hunde lernen besonders schnell und gerne. Daher nutzt man in der Welpenschule die sogenannte Pr\u00e4gungsphase, die zwischen ca. der vierten und sechzehnten Lebenswoche liegt, um Hunde von klein auf zu sozialisieren und ihnen wichtige <a href=\"https:\/\/uelzener.de\/magazin\/hund\/erziehung-und-training\/obedience-gehorsam-mit-freude\/\">Kommandos<\/a> beizubringen.<\/p>\n<p>In einer Welpenschule sammeln junge Hunde im angeleiteten Spiel vielf\u00e4ltige Erfahrungen, die sie f\u00fcr das ganze Leben pr\u00e4gen. So kommen sie mit Hunden unterschiedlicher Temperamente und Gr\u00f6\u00dfen zusammen und lernen einen angemessenen Umgang mit ihren Artgenossen. Zudem ergibt sich in der Welpenschule die M\u00f6glichkeit, mit vielen verschiedenen Menschen positive Erfahrungen zu machen. Au\u00dferdem werden die Welpen in der Hundeschule mit unterschiedlichen Situationen, Ger\u00fcchen, Ger\u00e4uschen und Gegenst\u00e4nden vertraut gemacht, sodass es im Alltag zu immer weniger \u00dcberraschungen kommen kann. Das hilft den Welpen, gesundes Selbstvertrauen zu entwickeln und sich auch in ungewohnten Umgebungen oder bei unvermittelten Ereignissen sicher zu f\u00fchlen.<\/p>\n<p>Eine wichtige Erfahrung im Welpenalter ist das Erlernen der Bei\u00dfhemmung. So erfahren junge Hunde in der Welpenschule, dass Zwicken und Bei\u00dfen zur Zur\u00fcckweisung f\u00fchrt. Nach und nach bildet sich auf diese Weise die Bei\u00dfhemmung aus, was wiederum zu einem sichereren Verhalten in der Familie und ganz generell im Kontakt mit anderen Hunden und auch Menschen f\u00fchrt.<\/p>\n<p>Spielerisch lernen Tierhalter:in und Welpe in der Welpenschule grundlegenden Kommandos, wie Sitz, Platz und Bleib. Hundehalter:innen erfahren, wie sie die Kommandos im Alltag \u00fcben k\u00f6nnen, sodass sie schnell zuverl\u00e4ssig anwendbar sind. Dabei wird der gro\u00dfe Vorteil der Welpenschule genutzt: das Lernen in der Gruppe unter Ablenkung. So wird es auch im Alltag leichter, die Kommandos anzuwenden. Denn die Fellnase ist es gewohnt, unter Ablenkung Kommandos zu trainieren.<\/p>\n<p>Wissen und Erfahrung der Hundetrainer:innen sind ein wahrer Schatz f\u00fcr Hundehalter:innen. Denn durch Hundetrainer:innen bekommen Hundehalter:innen Feedback und Hilfe, wenn Fragen auftauchen. So lernen Hundehalter:innen in der Welpenschule beispielsweise, bei welchen Verhaltensweisen ihres jungen Hundes sie eingreifen sollten und wo sie die Situation weiterlaufen lassen k\u00f6nnen. Treten im Welpenalter problematische Verhaltensweisen auf, kann diesen fr\u00fchzeitig begegnet werden, sodass sie sich m\u00f6glichst nicht verfestigen.<\/p>\n<p>Doch nicht nur f\u00fcr den Welpen bietet die Welpenschule viele M\u00f6glichkeiten zur Interaktion mit seinen Artgenossen. Auch Hundehalter:in haben hier die optimalen Bedingungen, Gleichgesinnte kennenzulernen.<\/p>\n<h2>Kosten<\/h2>\n<p>Die Preise f\u00fcr den Besuch einer Welpenschule sind sehr unterschiedlich und bewegen sich zumeist in einer Spanne von f\u00fcnf bis zwanzig Euro pro Stunde. Viele Hundeschulen bieten Pakete oder auch Zehnerkarten an.<\/p>\n<h2>Die passende Hundeschule finden<\/h2>\n<p>Bei der Suche nach der passenden Hundeschule k\u00f6nnen folgende Punkte zur Orientierung dienen:<\/p>\n<ul>\n<li>fundierte Ausbildung und regelm\u00e4\u00dfige Fortbildungen der Trainer:innen<\/li>\n<li>Anwendung gewaltfreier Methoden<\/li>\n<li>\u00dcberschaubare Gruppengr\u00f6\u00dfe (h\u00f6chstens 8 Teams)<\/li>\n<li>Training an wechselnden Orten, die auch sonst zum Alltag geh\u00f6ren (Stadt, Restaurant, Gesch\u00e4fte, etc.)<\/li>\n<li>Trainer:innen erkl\u00e4ren die \u00dcbungen und helfen, das Verhalten des Hundes tiefergehend zu verstehen.<\/li>\n<li>M\u00f6glichkeit eines Schnuppertrainings oder Zuschauen bei einer Trainingsstunde<\/li>\n<\/ul>\n<p>Jenseits aller Checklisten und Sachargumente ist das Bauchgef\u00fchl entscheidend. F\u00fchlen sich Hund und Mensch mit den Hundetrainer:innen wohl, bestehen gute Voraussetzungen f\u00fcr viele Lernerfolge mit Spa\u00df an der Sache. Eine Hundeschule kostet <a href=\"https:\/\/uelzener.de\/magazin\/hund\/haltung\/zeitaufwand-hund\/\">Zeit<\/a>. Doch diese ist sehr gut investiert, weil sie dir das Leben mit deinem Hund leichter und entspannter macht.<\/p>\n\n<div class=\"related_articles boxed\">\n    <h2>Mehr zum Thema<\/h2>\n    \n    <div class=\"wrapper\"><div class=\"title align-center\"><h3><a href=\"https:\/\/uelzener.de\/magazin\/hund\/haltung\/hunde-in-der-stadt-halten\/\">Hunde in der Stadt halten: So funktioniert\u2019s!<\/a><\/h3><\/div><div class=\"img align-center\"><img decoding=\"async\" width=\"315\" height=\"180\" src=\"https:\/\/uelzener.de\/magazin\/app\/uploads\/2024\/05\/hund-in-der-stadt-315x180.jpg\" class=\"attachment-315x180 size-315x180 wp-post-image\" alt=\"Frau mit zwei Hunden beim Gassi in der Stadt.\" \/><\/div><\/div><div class=\"wrapper\"><div class=\"title align-center\"><h3><a href=\"https:\/\/uelzener.de\/magazin\/hund\/erziehung-und-training\/dem-hund-das-bellen-abgewoehnen\/\">Dem Hund das Bellen abgew\u00f6hnen: Das musst du wissen<\/a><\/h3><\/div><div class=\"img align-center\"><img decoding=\"async\" width=\"315\" height=\"180\" src=\"https:\/\/uelzener.de\/magazin\/app\/uploads\/2026\/03\/Magazin_Header-1025x450-px-1025x450-px-11-315x180.jpg\" class=\"attachment-315x180 size-315x180 wp-post-image\" alt=\"Hund bellt.\" \/><\/div><\/div><\/div>\n\n<h3>Hundef\u00fchrerschein und Wesenstest<\/h3>\n<p>In manchen F\u00e4llen ist der Besuch einer Hundeschule aber nicht nur bereichernd, sondern sogar notwendig \u2013 zum Beispiel dann, wenn Hundehaltung besonderen rechtlichen Vorgaben unterliegt. Wer sich als Hundeneuling in Niedersachsen einen Hund anschafft, ist schon heute zum Erwerb des \u201eHundef\u00fchrerscheins\u201c verpflichtet. Neben Fragen zu Hundehaltung und \u2013erziehung wird f\u00fcr dessen Erwerb auch eine praktische Pr\u00fcfung durchgef\u00fchrt, in der Halter die Kontrolle \u00fcber ihre Hunde unter Beweis stellen. Hundeschulen bieten Kurse an, die genau auf diese Herausforderung vorbereiten.<\/p>\n<p>In einigen Bundesl\u00e4ndern ist das Bestehen eines \u201eWesenstests\u201c Voraussetzung daf\u00fcr, dass Hunde bestimmter Rassen (wie Alano oder Mastiff) von der Maulkorbpflicht befreit werden. Auch f\u00fcr diesen Test kann in den meisten Hundeschulen ge\u00fcbt werden.<\/p>\n<p>Ist ein Hund bereits durch \u00e4ngstliches oder aggressives Verhalten auff\u00e4llig geworden, helfen Hundeschulen dabei, dem Problem auf den Grund zu gehen und neue Verhaltensmuster zu etablieren.<\/p>\n<h3>Hundeschule in der N\u00e4he finden<\/h3>\n<p>Um eine Hundeschule in der N\u00e4he zu finden, gib bei Google einfach \u201e<a href=\"https:\/\/www.google.com\/maps\/search\/hundeschule+in+der+n\u00e4he\/\">hundeschule in der n\u00e4he<\/a>\u201c ein. Alternativ kannst du deinen Wohnort und den Begriff Hundeschule bei Google in das Suchfeld eintippen. So erh\u00e4ltst du eine \u00dcbersicht aller Hundeschulen in deiner Umgebung. \u00dcber die Karte in Google kannst du dir ganz leicht anzeigen lassen, wo genau sich die gefundenen Hundeschulen befinden.<\/p>\n<p>Doch nicht nur in einer Hundeschule l\u00e4sst sich viel \u00fcber Hundeerziehung lernen. Auch B\u00fccher oder Videos k\u00f6nnen hilfreiche Tipps und Anleitungen bieten. Au\u00dferdem erfreuen sich diverse TV-Formate zur Hundeerziehung gro\u00dfer Beliebtheit.<\/p>\n<h2>Ber\u00fchmte TV-Hundetrainer Deutschlands<\/h2>\n<p>F\u00fcr viele Hundehalter:innen sind TV-Sendungen eine unterhaltsame Gelegenheit, sich Wissen \u00fcber Hundeerziehung anzueignen. Drei der ber\u00fchmtesten Hundetrainer aus dem deutschsprachigen Fernsehen sind:<\/p>\n<ul>\n<li>Martin R\u00fctter<\/li>\n<\/ul>\n<p>Er gilt als bekanntester Hundetrainer im deutschsprachigen Raum. Martin R\u00fctter ist neben seiner Arbeit im Fernsehen auch Buchautor und Gr\u00fcnder der Hundetrainer-Ausbildung DOGS. Unter dem Namen DOGS gibt es in vielen europ\u00e4ischen L\u00e4ndern Hundeschulen, die von zertifizierten DOGS-Trainer:innen geleitet werden.<\/p>\n<ul>\n<li>Andreas Ohligschl\u00e4ger<\/li>\n<\/ul>\n<p>Aus der WDR-Sendung \u201eHunde verstehen\u201c kennen viele Zuschauer:innen Andreas Ohligschl\u00e4ger. Auch er ist Buchautor. Sein Ansatz ist bekannt unter dem Weggef\u00e4hrtenprinzip.<\/p>\n<ul>\n<li>Andr\u00e9 Vogt<\/li>\n<\/ul>\n<p>Er ist der Welpentrainer auf SIXX. Mit seinem typgerechten Welpentraining hilft er Hundehalter:innen und ihren Welpen, die wichtigen ersten Schritte zu gehen.<\/p>\n<p>Alle drei sind nicht nur TV-Stars, sondern haben eigene Hundeschulen und au\u00dferdem Ratgeber-B\u00fccher f\u00fcr Hundehalter:innen geschrieben.<\/p>\n<h2>Fazit:<\/h2>\n<p>In der Hundeschule lernen Hunde die grundlegenden <a href=\"https:\/\/uelzener.de\/magazin\/hund\/erziehung-und-training\/hund-kommandos-beibringen\/\">Kommandos<\/a> und werden gleichzeitig an einen stressfreien Umgang mit anderen Hunden gew\u00f6hnt. Zudem l\u00e4sst sich in der Hundeschule neben weiteren Kommandos die <a href=\"https:\/\/uelzener.de\/magazin\/hund\/erziehung-und-training\/leinenfuehrigkeit-hund\/\">Leinenf\u00fchrigkeit<\/a> und das angemessene Verhalten in bestimmten Situationen trainieren. Besonders wichtig ist eine Hundeschule zu Beginn des Hundelebens. Daher sollte man seinem Hund und sich selbst unbedingt die Erfahrung einer Welpenschule g\u00f6nnen. Denn nicht nur der Hund kn\u00fcpft angenehmen Kontakte, sondern auch f\u00fcr Hunderhalter:innen kann die Begegnung mit Gleichgesinnten sehr bereichernd sein.<\/p>\n<h2>FAQs: H\u00e4ufig gestellte Fragen<\/h2>\n<h3>Wie oft muss man in die Hundeschule?<\/h3>\n<p>Eine generelle Antwort gibt es auf diese Frage nicht. Zumeist werden von Hundeschulen Kurse mit einer bestimmten Dauer angeboten. So laufen viele Kurse beispielsweise w\u00f6chentlich \u00fcber einen Zeitraum von mehreren Wochen. Dabei ist das Angebot, je nach Hundeschule, breiter oder weniger breit gef\u00e4chert. Oft werden neben den grundlegenden Kursen, auch spezielle Themen angeboten, wie beispielsweise <a href=\"https:\/\/uelzener.de\/magazin\/hund\/erziehung-und-training\/jagdtrieb-hund-abgewoehnen\/\">Anti-Jagd-Training<\/a> oder spezielles Training f\u00fcr Junghunde. Zu Beginn des Hundelebens ist der Besuch einer Hundeschule in Form einer Welpenschule sinnvoll, um grundlegende Kommandos zu lernen und den Hund gut zu sozialisieren.<\/p>\n<h3>Wann mit Welpenschule beginnen?<\/h3>\n<p>In der Regel beginnt man mit der Welpenschule, wenn der Hund zwischen acht und 16 Wochen alt ist. In dieser Phase sind Hunde besonders lernwillig. Daher l\u00e4sst sich das Verhalten anderen Hunden und auch Menschen gegen\u00fcber in dieser Lebensphase besonders gut ein\u00fcben.<\/p>\n<h3>Was lernen mein Hund und ich in der Hundeschule?<\/h3>\n<p>In der Hundeschule k\u00f6nnen du und dein Hund ganz Verschiedenes lernen. So geht es dabei h\u00e4ufig um die Basics, wie beispielsweise die Grundkommandos und Leinenf\u00fchrigkeit. Aber auch bei problematischen Verhaltensweisen, wie \u00fcberm\u00e4\u00dfigem Bellen, \u00c4ngstlichkeit oder Aggressivit\u00e4t, kann dir und deinem Hund eine Hundeschule helfen. Au\u00dferdem kommt dein Hund in der Hundeschule spielerisch und unter kontrollierten Bedingungen in Kontakt mit anderen Hunden. Damit kann sich das Sozialverhalten deines Hundes im Umgang mit Artgenossen und Menschen verbessern. Wie bei uns Menschen sollte Schule f\u00fcr Hunde nicht nur Arbeit, sondern auch Spa\u00df bedeuten. In guten Hundeschulen ist dies ohnehin der Fall, da Hunde es lieben, geistig und k\u00f6rperlich gefordert zu werden. Oft werden \u00fcber die klassischen Lernkurse hinaus auch Aktivit\u00e4ten wie <a href=\"https:\/\/uelzener.de\/magazin\/hund\/erziehung-und-training\/agility\/\">Agility<\/a> oder \u201eDummytraining\u201c angeboten. Sie tragen dazu bei, Hunde richtig auszulasten und damit Verhaltensauff\u00e4lligkeiten vorzubeugen.<\/p>\n","protected":false},"excerpt":{"rendered":"<p>Hundeschule macht Spa\u00df, jedenfalls, wenn es die passende ist. Hier erf\u00e4hrst du, was dir und deinem Hund eine Welpenschule bringt, worauf du bei der Auswahl einer Hundeschule unbedingt achten solltest und bei welchen TV-Hundetrainer:innen es sich lohnt vorbeizuschauen. Wie wichtig ist eine Welpenschule? Gerade junge Hunde lernen besonders schnell und gerne. Daher nutzt man in [&hellip;]<\/p>\n","protected":false},"author":1,"featured_media":15612,"parent":11679,"menu_order":19,"comment_status":"closed","ping_status":"closed","template":"templates\/blog.php","meta":{"_acf_changed":false,"_crdt_document":"","footnotes":"","beyondwords_generate_audio":"","beyondwords_project_id":"","beyondwords_content_id":"","beyondwords_preview_token":"","beyondwords_player_style":"","beyondwords_language_id":"","beyondwords_title_voice_id":"","beyondwords_body_voice_id":"","beyondwords_summary_voice_id":"","beyondwords_error_message":"","beyondwords_disabled":"","beyondwords_delete_content":"","beyondwords_podcast_id":"","beyondwords_hash":"","publish_post_to_speechkit":"","speechkit_hash":"","speechkit_generate_audio":"","speechkit_project_id":"","speechkit_podcast_id":"","speechkit_error_message":"","speechkit_disabled":"","speechkit_access_key":"","speechkit_error":"","speechkit_info":"","speechkit_response":"","speechkit_retries":"","speechkit_status":"","speechkit_updated_at":"","_speechkit_link":"","_speechkit_text":""},"class_list":["post-10017","page","type-page","status-publish","has-post-thumbnail","hentry"],"acf":[],"yoast_head":"<!-- This site is optimized with the Yoast SEO Premium plugin  - https:\/\/yoast.com\/product\/yoast-seo-premium-wordpress\/ -->\n<title>Hundeschule: F\u00fcr wen lohnt es sich? | Uelzener<\/title>\n<meta name=\"description\" content=\"Hundeschule macht Spa\u00df, wenn es die passende ist! Hier erf\u00e4hrst du alles \u00fcber Vorteile \u2714 Auswahl \u2714 und bei welchen TV-Hundetrainer:innen \u2714es sich lohnt vorbeizuschauen.\" \/>\n<meta name=\"robots\" content=\"index, follow, max-snippet:-1, max-image-preview:large, max-video-preview:-1\" \/>\n<link rel=\"canonical\" href=\"https:\/\/uelzener.de\/magazin\/hund\/erziehung-und-training\/hundeschule-ja-oder-nein\/\" \/>\n<meta property=\"og:locale\" content=\"de_DE\" \/>\n<meta property=\"og:type\" content=\"article\" \/>\n<meta property=\"og:title\" content=\"Hundeschule: F\u00fcr wen lohnt es sich?\" \/>\n<meta property=\"og:description\" content=\"Hundeschule macht Spa\u00df, wenn es die passende ist! Hier erf\u00e4hrst du alles \u00fcber Vorteile \u2714 Auswahl \u2714 und bei welchen TV-Hundetrainer:innen \u2714es sich lohnt vorbeizuschauen.\" \/>\n<meta property=\"og:url\" content=\"https:\/\/uelzener.de\/magazin\/hund\/erziehung-und-training\/hundeschule-ja-oder-nein\/\" \/>\n<meta property=\"og:site_name\" content=\"Uelzener Tier-Magazin\" \/>\n<meta property=\"article:publisher\" content=\"https:\/\/www.facebook.com\/Uelzener\" \/>\n<meta property=\"article:modified_time\" content=\"2026-03-27T14:45:10+00:00\" \/>\n<meta property=\"og:image\" content=\"https:\/\/uelzener.de\/magazin\/app\/uploads\/2023\/05\/hundeschulen.jpg\" \/>\n\t<meta property=\"og:image:width\" content=\"1025\" \/>\n\t<meta property=\"og:image:height\" content=\"450\" \/>\n\t<meta property=\"og:image:type\" content=\"image\/jpeg\" \/>\n<meta name=\"twitter:card\" content=\"summary_large_image\" \/>\n<meta name=\"twitter:label1\" content=\"Gesch\u00e4tzte Lesezeit\" \/>\n\t<meta name=\"twitter:data1\" content=\"8\u00a0Minuten\" \/>\n<script type=\"application\/ld+json\" class=\"yoast-schema-graph\">{\"@context\":\"https:\/\/schema.org\",\"@graph\":[{\"@type\":\"WebPage\",\"@id\":\"https:\/\/uelzener.de\/magazin\/hund\/erziehung-und-training\/hundeschule-ja-oder-nein\/\",\"url\":\"https:\/\/uelzener.de\/magazin\/hund\/erziehung-und-training\/hundeschule-ja-oder-nein\/\",\"name\":\"Hundeschule: F\u00fcr wen lohnt es sich? | Uelzener\",\"isPartOf\":{\"@id\":\"https:\/\/uelzener.de\/magazin\/#website\"},\"primaryImageOfPage\":{\"@id\":\"https:\/\/uelzener.de\/magazin\/hund\/erziehung-und-training\/hundeschule-ja-oder-nein\/#primaryimage\"},\"image\":{\"@id\":\"https:\/\/uelzener.de\/magazin\/hund\/erziehung-und-training\/hundeschule-ja-oder-nein\/#primaryimage\"},\"thumbnailUrl\":\"https:\/\/uelzener.de\/magazin\/app\/uploads\/2023\/05\/hundeschulen.jpg\",\"datePublished\":\"2023-06-02T04:30:00+00:00\",\"dateModified\":\"2026-03-27T14:45:10+00:00\",\"description\":\"Hundeschule macht Spa\u00df, wenn es die passende ist! Hier erf\u00e4hrst du alles \u00fcber Vorteile \u2714 Auswahl \u2714 und bei welchen TV-Hundetrainer:innen \u2714es sich lohnt vorbeizuschauen.\",\"breadcrumb\":{\"@id\":\"https:\/\/uelzener.de\/magazin\/hund\/erziehung-und-training\/hundeschule-ja-oder-nein\/#breadcrumb\"},\"inLanguage\":\"de\",\"potentialAction\":[{\"@type\":\"ReadAction\",\"target\":[\"https:\/\/uelzener.de\/magazin\/hund\/erziehung-und-training\/hundeschule-ja-oder-nein\/\"]}]},{\"@type\":\"ImageObject\",\"inLanguage\":\"de\",\"@id\":\"https:\/\/uelzener.de\/magazin\/hund\/erziehung-und-training\/hundeschule-ja-oder-nein\/#primaryimage\",\"url\":\"https:\/\/uelzener.de\/magazin\/app\/uploads\/2023\/05\/hundeschulen.jpg\",\"contentUrl\":\"https:\/\/uelzener.de\/magazin\/app\/uploads\/2023\/05\/hundeschulen.jpg\",\"width\":1025,\"height\":450,\"caption\":\"In der Hundeschule trifft man viele andere Hunde.\"},{\"@type\":\"WebSite\",\"@id\":\"https:\/\/uelzener.de\/magazin\/#website\",\"url\":\"https:\/\/uelzener.de\/magazin\/\",\"name\":\"Uelzener Tiermagazin\",\"description\":\"Online Tierratgeber der Uelzener Versicherungen\",\"publisher\":{\"@id\":\"https:\/\/uelzener.de\/magazin\/#organization\"},\"potentialAction\":[{\"@type\":\"SearchAction\",\"target\":{\"@type\":\"EntryPoint\",\"urlTemplate\":\"https:\/\/uelzener.de\/magazin\/?s={search_term_string}\"},\"query-input\":{\"@type\":\"PropertyValueSpecification\",\"valueRequired\":true,\"valueName\":\"search_term_string\"}}],\"inLanguage\":\"de\"},{\"@type\":\"Organization\",\"@id\":\"https:\/\/uelzener.de\/magazin\/#organization\",\"name\":\"Uelzener Versicherungen\",\"url\":\"https:\/\/uelzener.de\/magazin\/\",\"logo\":{\"@type\":\"ImageObject\",\"inLanguage\":\"de\",\"@id\":\"https:\/\/uelzener.de\/magazin\/#\/schema\/logo\/image\/\",\"url\":\"https:\/\/uelzener.de\/magazin\/app\/uploads\/2024\/11\/uelzener_allgemeine_versicherungsgesellschaft_a_g_logo.jpg\",\"contentUrl\":\"https:\/\/uelzener.de\/magazin\/app\/uploads\/2024\/11\/uelzener_allgemeine_versicherungsgesellschaft_a_g_logo.jpg\",\"width\":200,\"height\":200,\"caption\":\"Uelzener Versicherungen\"},\"image\":{\"@id\":\"https:\/\/uelzener.de\/magazin\/#\/schema\/logo\/image\/\"},\"sameAs\":[\"https:\/\/www.facebook.com\/Uelzener\",\"https:\/\/instagram.com\/uelzener\",\"https:\/\/www.xing.com\/pages\/uelzenerallgemeineversicherungs-gesellschafta-g\",\"https:\/\/www.youtube.com\/UelzenerVersicherungen\"]}]}<\/script>\n<!-- \/ Yoast SEO Premium plugin. -->","yoast_head_json":{"title":"Hundeschule: F\u00fcr wen lohnt es sich? | Uelzener","description":"Hundeschule macht Spa\u00df, wenn es die passende ist! Hier erf\u00e4hrst du alles \u00fcber Vorteile \u2714 Auswahl \u2714 und bei welchen TV-Hundetrainer:innen \u2714es sich lohnt vorbeizuschauen.","robots":{"index":"index","follow":"follow","max-snippet":"max-snippet:-1","max-image-preview":"max-image-preview:large","max-video-preview":"max-video-preview:-1"},"canonical":"https:\/\/uelzener.de\/magazin\/hund\/erziehung-und-training\/hundeschule-ja-oder-nein\/","og_locale":"de_DE","og_type":"article","og_title":"Hundeschule: F\u00fcr wen lohnt es sich?","og_description":"Hundeschule macht Spa\u00df, wenn es die passende ist! Hier erf\u00e4hrst du alles \u00fcber Vorteile \u2714 Auswahl \u2714 und bei welchen TV-Hundetrainer:innen \u2714es sich lohnt vorbeizuschauen.","og_url":"https:\/\/uelzener.de\/magazin\/hund\/erziehung-und-training\/hundeschule-ja-oder-nein\/","og_site_name":"Uelzener Tier-Magazin","article_publisher":"https:\/\/www.facebook.com\/Uelzener","article_modified_time":"2026-03-27T14:45:10+00:00","og_image":[{"width":1025,"height":450,"url":"https:\/\/uelzener.de\/magazin\/app\/uploads\/2023\/05\/hundeschulen.jpg","type":"image\/jpeg"}],"twitter_card":"summary_large_image","twitter_misc":{"Gesch\u00e4tzte Lesezeit":"8\u00a0Minuten"},"schema":{"@context":"https:\/\/schema.org","@graph":[{"@type":"WebPage","@id":"https:\/\/uelzener.de\/magazin\/hund\/erziehung-und-training\/hundeschule-ja-oder-nein\/","url":"https:\/\/uelzener.de\/magazin\/hund\/erziehung-und-training\/hundeschule-ja-oder-nein\/","name":"Hundeschule: F\u00fcr wen lohnt es sich? | Uelzener","isPartOf":{"@id":"https:\/\/uelzener.de\/magazin\/#website"},"primaryImageOfPage":{"@id":"https:\/\/uelzener.de\/magazin\/hund\/erziehung-und-training\/hundeschule-ja-oder-nein\/#primaryimage"},"image":{"@id":"https:\/\/uelzener.de\/magazin\/hund\/erziehung-und-training\/hundeschule-ja-oder-nein\/#primaryimage"},"thumbnailUrl":"https:\/\/uelzener.de\/magazin\/app\/uploads\/2023\/05\/hundeschulen.jpg","datePublished":"2023-06-02T04:30:00+00:00","dateModified":"2026-03-27T14:45:10+00:00","description":"Hundeschule macht Spa\u00df, wenn es die passende ist! Hier erf\u00e4hrst du alles \u00fcber Vorteile \u2714 Auswahl \u2714 und bei welchen TV-Hundetrainer:innen \u2714es sich lohnt vorbeizuschauen.","breadcrumb":{"@id":"https:\/\/uelzener.de\/magazin\/hund\/erziehung-und-training\/hundeschule-ja-oder-nein\/#breadcrumb"},"inLanguage":"de","potentialAction":[{"@type":"ReadAction","target":["https:\/\/uelzener.de\/magazin\/hund\/erziehung-und-training\/hundeschule-ja-oder-nein\/"]}]},{"@type":"ImageObject","inLanguage":"de","@id":"https:\/\/uelzener.de\/magazin\/hund\/erziehung-und-training\/hundeschule-ja-oder-nein\/#primaryimage","url":"https:\/\/uelzener.de\/magazin\/app\/uploads\/2023\/05\/hundeschulen.jpg","contentUrl":"https:\/\/uelzener.de\/magazin\/app\/uploads\/2023\/05\/hundeschulen.jpg","width":1025,"height":450,"caption":"In der Hundeschule trifft man viele andere Hunde."},{"@type":"WebSite","@id":"https:\/\/uelzener.de\/magazin\/#website","url":"https:\/\/uelzener.de\/magazin\/","name":"Uelzener Tiermagazin","description":"Online Tierratgeber der Uelzener Versicherungen","publisher":{"@id":"https:\/\/uelzener.de\/magazin\/#organization"},"potentialAction":[{"@type":"SearchAction","target":{"@type":"EntryPoint","urlTemplate":"https:\/\/uelzener.de\/magazin\/?s={search_term_string}"},"query-input":{"@type":"PropertyValueSpecification","valueRequired":true,"valueName":"search_term_string"}}],"inLanguage":"de"},{"@type":"Organization","@id":"https:\/\/uelzener.de\/magazin\/#organization","name":"Uelzener Versicherungen","url":"https:\/\/uelzener.de\/magazin\/","logo":{"@type":"ImageObject","inLanguage":"de","@id":"https:\/\/uelzener.de\/magazin\/#\/schema\/logo\/image\/","url":"https:\/\/uelzener.de\/magazin\/app\/uploads\/2024\/11\/uelzener_allgemeine_versicherungsgesellschaft_a_g_logo.jpg","contentUrl":"https:\/\/uelzener.de\/magazin\/app\/uploads\/2024\/11\/uelzener_allgemeine_versicherungsgesellschaft_a_g_logo.jpg","width":200,"height":200,"caption":"Uelzener Versicherungen"},"image":{"@id":"https:\/\/uelzener.de\/magazin\/#\/schema\/logo\/image\/"},"sameAs":["https:\/\/www.facebook.com\/Uelzener","https:\/\/instagram.com\/uelzener","https:\/\/www.xing.com\/pages\/uelzenerallgemeineversicherungs-gesellschafta-g","https:\/\/www.youtube.com\/UelzenerVersicherungen"]}]}},"_links":{"self":[{"href":"https:\/\/uelzener.de\/magazin\/wp-json\/wp\/v2\/pages\/10017","targetHints":{"allow":["GET"]}}],"collection":[{"href":"https:\/\/uelzener.de\/magazin\/wp-json\/wp\/v2\/pages"}],"about":[{"href":"https:\/\/uelzener.de\/magazin\/wp-json\/wp\/v2\/types\/page"}],"author":[{"embeddable":true,"href":"https:\/\/uelzener.de\/magazin\/wp-json\/wp\/v2\/users\/1"}],"replies":[{"embeddable":true,"href":"https:\/\/uelzener.de\/magazin\/wp-json\/wp\/v2\/comments?post=10017"}],"version-history":[{"count":12,"href":"https:\/\/uelzener.de\/magazin\/wp-json\/wp\/v2\/pages\/10017\/revisions"}],"predecessor-version":[{"id":19860,"href":"https:\/\/uelzener.de\/magazin\/wp-json\/wp\/v2\/pages\/10017\/revisions\/19860"}],"up":[{"embeddable":true,"href":"https:\/\/uelzener.de\/magazin\/wp-json\/wp\/v2\/pages\/11679"}],"wp:featuredmedia":[{"embeddable":true,"href":"https:\/\/uelzener.de\/magazin\/wp-json\/wp\/v2\/media\/15612"}],"wp:attachment":[{"href":"https:\/\/uelzener.de\/magazin\/wp-json\/wp\/v2\/media?parent=10017"}],"curies":[{"name":"wp","href":"https:\/\/api.w.org\/{rel}","templated":true}]}}