{"id":10009,"date":"2015-07-20T00:00:00","date_gmt":"2015-07-20T00:00:00","guid":{"rendered":""},"modified":"2023-10-25T11:07:17","modified_gmt":"2023-10-25T09:07:17","slug":"insektenstich-hund-wespenstich-bienenstich","status":"publish","type":"page","link":"https:\/\/uelzener.de\/magazin\/hund\/tiergesundheit\/insektenstich-hund-wespenstich-bienenstich\/","title":{"rendered":"Insektenstich beim Hund"},"content":{"rendered":"<p><strong>Vor allen Insekten, die dich stechen k\u00f6nnen, ist auch dein Hund nicht sicher. Der Unterschied: Du wei\u00dft, dass du Wespen und Bienen nicht \u00e4rgern solltest, der Hund wei\u00df es nicht. Daher ist es sinnvoll, wenn du deinem Hund bei einem Stich helfen kannst. In diesem Artikel erf\u00e4hrst du alles, was du bez\u00fcglich eines Insektenstichs bei deinem Hund wissen solltest.<\/strong><\/p>\n<h2>Wie erkennst du einen Insektenstich beim Hund?<\/h2>\n<p>Es passiert oft unbemerkt: Bei vielen Gelegenheiten kann dein Hund auf eine <strong>Biene oder Wespe treten.<\/strong> Das merkst du nur an den Folgen, wenn er pl\u00f6tzlich aufjault, die Rute einklemmt oder humpelt. An der Einstichstelle entsteht eine mehr oder weniger ausgepr\u00e4gte <strong>Schwellung mit Juckreiz und Schmerzen<\/strong>. Schwerwiegender sind Stiche im Maul und allergische Reaktionen.<\/p>\n<h3>Risiken<\/h3>\n<p>Wespen, Bienen, Hummeln und Hornissen sind bis in den Herbst hinein aktiv. Viele Hunde schnappen begeistert nach ihnen. Damit ist ein hohes Risiko verbunden: Erwischt dein Hund das Tier, wird es <strong>im Maul, Hals oder Rachen<\/strong> zustechen, was <strong>lebensgef\u00e4hrlich<\/strong> ist. Mehrere Stiche zugleich sind ebenfalls riskant. Reagiert er empfindlich auf das Insektengift, ist ein <strong>allergischer Schock<\/strong> m\u00f6glich.<\/p>\n<h3>Bienen- oder Wespenstich beim Hund an der Pfote<\/h3>\n<p>Stiche <strong>an den Pfoten sind oft harmlos<\/strong> und du kannst selbst helfen. Untersuche deinen Hund, wenn er humpelt oder sich verst\u00e4rkt an der Pfote leckt. Bei l\u00e4ngerem Fell wirst du die Einstichstelle nicht so einfach erkennen, kannst aber eine Schwellung ertasten. Nun ist es wichtig, dass du einen eventuell <strong>zur\u00fcckgebliebenen Stachel entfernst<\/strong>: Bienen verlieren ihn beim Zustechen und daran h\u00e4ngt meist noch der Giftbeutel. Wespen verlieren ihren Stachel in der Regel nicht, sie k\u00f6nnen daher mehrmals zustechen.<\/p>\n<h3>Bienen- oder Wespenstich beim Hund im Maul<\/h3>\n<p>Im gesamten Kopfbereich verursachen Bienen und Wespenstiche mehr Beschwerden und im Maul wird es schnell gef\u00e4hrlich. Das <strong>Insektengift wirkt \u00fcber die Schleimh\u00e4ute st\u00e4rker<\/strong> und eine <strong>Schwellung im Rachen verengt die Atemwege<\/strong>. Verst\u00e4rktes Hecheln, Speicheln, R\u00f6cheln und W\u00fcrgen sind m\u00f6gliche Hinweise. Hierbei handelt es sich um einen tiermedizinischen Notfall.<\/p>\n<h2>Allergische Reaktion erkennen<\/h2>\n<p>Eine allergische Reaktion auf das Insektengift verursacht neben den \u00fcblichen Symptomen weitere. Anzeichen einer Allergie sind immer ernst zu nehmen.<\/p>\n<h3>M\u00f6gliche Symptome einer allergischen Reaktion<\/h3>\n<p>Folgende Symptome k\u00f6nnen auf eine Allergie hinweisen:<\/p>\n<ul>\n<li>starke Schwellung an der Einstichstelle<\/li>\n<li>starker Juckreiz<\/li>\n<li>Schwellungen an anderen K\u00f6rperbereichen<\/li>\n<li>starkes Hecheln, flache Atmung, Speicheln<\/li>\n<li>Bl\u00e4schen und Quaddeln auf der Haut<\/li>\n<li>W\u00fcrgen, Erbrechen, <a href=\"https:\/\/uelzener.de\/magazin\/hund\/haeufige-fragen\/durchfall-beim-hund-verdauung\/\">Durchfall<\/a><\/li>\n<li>Zittern, Benommenheit, Apathie<\/li>\n<li>blasse oder bl\u00e4uliche Schleimh\u00e4ute<\/li>\n<li>Bewusstlosigkeit<\/li>\n<\/ul>\n<h3>Insektenstich beim Hund behandeln<\/h3>\n<p>Zun\u00e4chst einmal ist es zweitrangig, welches Insekt deinen Hund gestochen hat. Ist ein Stachel in der Haut verblieben, entferne diesen vorsichtig. Linderung verschaffst du ihm, indem du die <strong>Einstichstelle k\u00fchlst<\/strong>. Dazu eignet sich<\/p>\n<ul>\n<li>k\u00fchles Wasser<\/li>\n<li>feuchtes Tuch<\/li>\n<li>K\u00fchlpad<\/li>\n<li>in ein Tuch gewickelte Eisw\u00fcrfel<\/li>\n<\/ul>\n<p>K\u00fchlen von au\u00dfen ist auch eine erste Ma\u00dfnahme, wenn sich der Stich im Maul-Rachen-Bereich befindet. Zus\u00e4tzlich kannst du deinem Hund besonders <strong>kaltes Wasser zum Trinken<\/strong> anbieten oder ausnahmsweise Speiseeis.<\/p>\n<h3>Diese Hausmittel helfen<\/h3>\n<p>Es gibt einige Hausmittel, die deinem Hund gegen Schwellung, Juckreiz und Schmerzen helfen:<\/p>\n<ul>\n<li>Hast du eine Zwiebel zur Hand, sch\u00e4le und halbiere sie. Lege eine H\u00e4lfte auf die Einstichstelle.<\/li>\n<li>Gibt es in deinem Haushalt eine Aloe-Vera-Pflanze? Schneide ein Blatt ab, halbiere es und lege eine H\u00e4lfte auf die Einstichstelle.<\/li>\n<li>Etwas Essig mit Wasser vermischt, lindert und desinfiziert, kann aber auf einer Wunde auch kurzzeitig empfindlich brennen.<\/li>\n<li>Quark und zerstampften Kr\u00e4utern wie Petersilie, Basilikum und Ringelblumen wird ebenfalls eine lindernde Wirkung nachgesagt.<\/li>\n<\/ul>\n<h3>Wann muss dein Hund zum Tierarzt?<\/h3>\n<p>Die beschriebenen Ma\u00dfnahmen sind immer hilfreich. Beobachte deinen Hund genau, ob er weitere Beschwerden entwickelt. Handelt es sich um einen Stich im <strong>Maulbereich, solltest du sicherheitshalber immer einen Tierarzt aufsuchen<\/strong>: Kommt es zu einer Schwellung in den Atemwegen oder in der Speiser\u00f6hre, wird es schnell kritisch. Ein <a href=\"https:\/\/uelzener.de\/magazin\/hund\/tiergesundheit\/alter-hund\/\">alter Hund<\/a> steckt einen Insektenstich eventuell schlechter weg als ein junger Vierbeiner.<\/p>\n<p><strong>Verschlechtert sich der Zustand<\/strong> deines Hundes oder zeigt er <strong>Anzeichen einer Allergie<\/strong>, ist ebenfalls der Weg zum <strong>Tierarzt <\/strong>angesagt. Steht es bereits kritisch um ihn, lege ihn auf seine rechte Seite, strecke den Halsbereich und hole die Zunge nach vorne, sodass sie etwas heraush\u00e4ngt und der Speichel abflie\u00dfen kann. W\u00e4rme ihn zus\u00e4tzlich mit einer Decke.<\/p>\n<p>Ein Tierarzt kann fachgerecht den Zustand deines Hundes \u00fcberpr\u00fcfen und gegebenenfalls den <strong>Kreislauf stabilisieren<\/strong>. Die <strong>medikament\u00f6se Behandlung<\/strong> richtet sich nach den Symptomen. In der Regel wird zumindest Cortison verabreicht.<\/p>\n<h2>Insektenstichen beim Hund vorbeugen<\/h2>\n<p>Ganz ausschlie\u00dfen kannst du nicht, dass dein Hund unterwegs gestochen wird. Du kannst aber daf\u00fcr sorgen, dass er nicht nach Insekten schnappt und <strong>unterwegs die Augen offenhalten<\/strong>: Ist ein <strong>Wespennest<\/strong> in der N\u00e4he, mache einen <strong>gro\u00dfen Bogen<\/strong> darum und sei dir bewusst, dass \u00fcberall, wo Bl\u00fcten sind, sich auch Bienen, Hummeln &amp; Co. tummeln.<\/p>\n<p>Bevor dein Hund trinkt, achte darauf, ob nicht vielleicht eine <strong>Biene oder Wespe im Wasser<\/strong> schwimmt. So sch\u00f6n es ist \u2013 im Sommer sollte dein Hund nicht durch hohe, un\u00fcbersichtliche Gr\u00e4ser toben, wenn du Insektenstichen vorbeugen m\u00f6chtest. Da du sie aber nicht v\u00f6llig ausschlie\u00dfen kannst, besteht immer ein Restrisiko f\u00fcr deinen Hund und es kommen wie bei anderen Erkrankungen m\u00f6glicherweise unerwartete Tierarztkosten auf dich zu. Dem begegnest du effektiv mit einer Hunde-Krankenversicherung.<\/p>\n\n<div class=\"banner\">\n    <a href=\"https:\/\/uelzener.de\/hund\/hunde-krankenversicherung\/?agt=0000104925&sem=true&utm_medium=magazin&utm_source=wordpress&utm_campaign=hund_kv&utm_content=banner\">\n        <img decoding=\"async\" width=\"300\" height=\"212\" src=\"https:\/\/uelzener.de\/magazin\/app\/uploads\/2025\/01\/Hunde-Kranken-Versicherung.jpg\" class=\"attachment-medium size-medium\" alt=\"Banner Hunde-Kranken-Versicherung\" \/>    <\/a>\n<\/div>\n\n<h3>Wespenstich beim Hund vorbeugen<\/h3>\n<p>Ein <a href=\"https:\/\/uelzener.de\/magazin\/hund\/haltung\/hundefreundlicher-garten\/\">hundefreundlicher Garten<\/a> minimiert das Risiko. Halte im Fr\u00fchjahr die Augen auf, ob sich vielleicht eine Wespenk\u00f6nigin oder eine Hummelk\u00f6nigin daranmacht, <strong>ein Nest im Gartenbereich zu bauen<\/strong>. Im Fr\u00fchstadium kann es noch am einfachsten von einem Experten entfernt werden. Lasse keine Lebensmittel herumliegen, die Wespen anlocken k\u00f6nnte.<\/p>\n<h3>Bienenstich beim Hund vorbeugen<\/h3>\n<p>Bienen stechen nur zu, wenn sie sich wirklich bedroht f\u00fchlen, da sie ein Stich das Leben kostet. Sie halten sich dort auf, wo Bl\u00fcten sind oder wo ein <strong>Imker den Kasten mit den Waben<\/strong> platziert hat. Auch hier gilt: Bist du offenen Auges mit deinem Hund unterwegs, kannst du riskanten Begegnungen mit Bienen am besten vorbeugen.<\/p>\n<h2>Ein kleiner Stich und viele Auswirkungen<\/h2>\n<p>Stechende Insekten machen auch vor Hunden nicht Halt. Ein Insektenstich kann v\u00f6llig unproblematisch verlaufen. M\u00f6glich sind aber auch schwerwiegende Probleme wie bei einem Stich im Maul oder Hals sowie bei allergischen Reaktionen. Mit etwas Achtsamkeit kannst du viele Risiken minimieren. Wird dein Hund trotzdem gestochen, k\u00fchle die Einstichstelle und suche bei ernsteren Symptomen einen Tierarzt auf.<\/p>\n<h2>FAQ: H\u00e4ufig gestellte Fragen<\/h2>\n<h3>Wie erkenne ich einen Insektenstich bei meinem Hund?<\/h3>\n<p>Auf eine schmerzende oder juckende Einstichstelle reagiert dein Hund mit Lecken oder macht anderweitig darauf aufmerksam.<\/p>\n<h3>Was tun bei einer allergischen Reaktion beim Hund?<\/h3>\n<p>Die Einstichstelle ist zu k\u00fchlen. Bei Anzeichen einer Allergie ist immer ein Tierarztbesuch sinnvoll. Geht es deinem Hund bereits schlecht, bringe ihn in die rechte Seitenlage, w\u00e4rme ihn und suche umgehend einen Tierarzt auf.<\/p>\n<h3>Muss ich bei einem Insektenstich beim Hund zum Tierarzt?<\/h3>\n<p>Zum Tierarzt musst du nur, wenn dein Hund ins Maul gestochen wurde, er st\u00e4rkere Beschwerden hat oder es Anzeichen einer Allergie gibt.<\/p>\n","protected":false},"excerpt":{"rendered":"<p>Vor allen Insekten, die dich stechen k\u00f6nnen, ist auch dein Hund nicht sicher. Der Unterschied: Du wei\u00dft, dass du Wespen und Bienen nicht \u00e4rgern solltest, der Hund wei\u00df es nicht. Daher ist es sinnvoll, wenn du deinem Hund bei einem Stich helfen kannst. In diesem Artikel erf\u00e4hrst du alles, was du bez\u00fcglich eines Insektenstichs bei [&hellip;]<\/p>\n","protected":false},"author":1,"featured_media":10599,"parent":11701,"menu_order":44,"comment_status":"open","ping_status":"open","template":"templates\/blog.php","meta":{"_acf_changed":false,"_crdt_document":"","footnotes":"","beyondwords_generate_audio":"0","beyondwords_project_id":"","beyondwords_content_id":"","beyondwords_preview_token":"","beyondwords_player_style":"","beyondwords_language_id":"","beyondwords_title_voice_id":"","beyondwords_body_voice_id":"","beyondwords_summary_voice_id":"","beyondwords_error_message":"","beyondwords_disabled":"","beyondwords_delete_content":"","beyondwords_podcast_id":"","beyondwords_hash":"","publish_post_to_speechkit":"","speechkit_hash":"","speechkit_generate_audio":"","speechkit_project_id":"","speechkit_podcast_id":"","speechkit_error_message":"","speechkit_disabled":"","speechkit_access_key":"","speechkit_error":"","speechkit_info":"","speechkit_response":"","speechkit_retries":"","speechkit_status":"","speechkit_updated_at":"","_speechkit_link":"","_speechkit_text":""},"class_list":["post-10009","page","type-page","status-publish","has-post-thumbnail","hentry"],"acf":[],"yoast_head":"<!-- This site is optimized with the Yoast SEO Premium plugin  - https:\/\/yoast.com\/product\/yoast-seo-premium-wordpress\/ -->\n<title>Insektenstich beim Hund \u2013 Vorbeugung &amp; Erste Hilfe | Uelzener<\/title>\n<meta name=\"description\" content=\"Dein Hund wurde von Wespe oder Biene gestochen? \u25b6 Erfahre hier, was zu tun ist und wie du Insektenstichen vorbeugen kannst!\" \/>\n<meta name=\"robots\" content=\"index, follow, max-snippet:-1, max-image-preview:large, max-video-preview:-1\" \/>\n<link rel=\"canonical\" href=\"https:\/\/uelzener.de\/magazin\/hund\/tiergesundheit\/insektenstich-hund-wespenstich-bienenstich\/\" \/>\n<meta property=\"og:locale\" content=\"de_DE\" \/>\n<meta property=\"og:type\" content=\"article\" \/>\n<meta property=\"og:title\" content=\"Insektenstich beim Hund\" \/>\n<meta property=\"og:description\" content=\"Dein Hund wurde von Wespe oder Biene gestochen? \u25b6 Erfahre hier, was zu tun ist und wie du Insektenstichen vorbeugen kannst!\" \/>\n<meta property=\"og:url\" content=\"https:\/\/uelzener.de\/magazin\/hund\/tiergesundheit\/insektenstich-hund-wespenstich-bienenstich\/\" \/>\n<meta property=\"og:site_name\" content=\"Uelzener Tier-Magazin\" \/>\n<meta property=\"article:publisher\" content=\"https:\/\/www.facebook.com\/Uelzener\" \/>\n<meta property=\"article:modified_time\" content=\"2023-10-25T09:07:17+00:00\" \/>\n<meta property=\"og:image\" content=\"https:\/\/uelzener.de\/magazin\/app\/uploads\/2015\/07\/60fbea72-7b52-4610-8027-2397d7ff5393.jpg\" \/>\n\t<meta property=\"og:image:width\" content=\"650\" \/>\n\t<meta property=\"og:image:height\" content=\"432\" \/>\n\t<meta property=\"og:image:type\" content=\"image\/jpeg\" \/>\n<meta name=\"twitter:card\" content=\"summary_large_image\" \/>\n<meta name=\"twitter:label1\" content=\"Gesch\u00e4tzte Lesezeit\" \/>\n\t<meta name=\"twitter:data1\" content=\"5\u00a0Minuten\" \/>\n<script type=\"application\/ld+json\" class=\"yoast-schema-graph\">{\"@context\":\"https:\/\/schema.org\",\"@graph\":[{\"@type\":\"WebPage\",\"@id\":\"https:\/\/uelzener.de\/magazin\/hund\/tiergesundheit\/insektenstich-hund-wespenstich-bienenstich\/\",\"url\":\"https:\/\/uelzener.de\/magazin\/hund\/tiergesundheit\/insektenstich-hund-wespenstich-bienenstich\/\",\"name\":\"Insektenstich beim Hund \u2013 Vorbeugung & Erste Hilfe | Uelzener\",\"isPartOf\":{\"@id\":\"https:\/\/uelzener.de\/magazin\/#website\"},\"primaryImageOfPage\":{\"@id\":\"https:\/\/uelzener.de\/magazin\/hund\/tiergesundheit\/insektenstich-hund-wespenstich-bienenstich\/#primaryimage\"},\"image\":{\"@id\":\"https:\/\/uelzener.de\/magazin\/hund\/tiergesundheit\/insektenstich-hund-wespenstich-bienenstich\/#primaryimage\"},\"thumbnailUrl\":\"https:\/\/uelzener.de\/magazin\/app\/uploads\/2015\/07\/60fbea72-7b52-4610-8027-2397d7ff5393.jpg\",\"datePublished\":\"2015-07-20T00:00:00+00:00\",\"dateModified\":\"2023-10-25T09:07:17+00:00\",\"description\":\"Dein Hund wurde von Wespe oder Biene gestochen? \u25b6 Erfahre hier, was zu tun ist und wie du Insektenstichen vorbeugen kannst!\",\"breadcrumb\":{\"@id\":\"https:\/\/uelzener.de\/magazin\/hund\/tiergesundheit\/insektenstich-hund-wespenstich-bienenstich\/#breadcrumb\"},\"inLanguage\":\"de\",\"potentialAction\":[{\"@type\":\"ReadAction\",\"target\":[\"https:\/\/uelzener.de\/magazin\/hund\/tiergesundheit\/insektenstich-hund-wespenstich-bienenstich\/\"]}]},{\"@type\":\"ImageObject\",\"inLanguage\":\"de\",\"@id\":\"https:\/\/uelzener.de\/magazin\/hund\/tiergesundheit\/insektenstich-hund-wespenstich-bienenstich\/#primaryimage\",\"url\":\"https:\/\/uelzener.de\/magazin\/app\/uploads\/2015\/07\/60fbea72-7b52-4610-8027-2397d7ff5393.jpg\",\"contentUrl\":\"https:\/\/uelzener.de\/magazin\/app\/uploads\/2015\/07\/60fbea72-7b52-4610-8027-2397d7ff5393.jpg\",\"width\":650,\"height\":432,\"caption\":\"Ein kleiner Hund l\u00e4uft \u00fcber eine Blumenwiese. Er muss aufpassen keinen Insektenstich zu bekommen.\"},{\"@type\":\"WebSite\",\"@id\":\"https:\/\/uelzener.de\/magazin\/#website\",\"url\":\"https:\/\/uelzener.de\/magazin\/\",\"name\":\"Uelzener Tiermagazin\",\"description\":\"Online Tierratgeber der Uelzener Versicherungen\",\"publisher\":{\"@id\":\"https:\/\/uelzener.de\/magazin\/#organization\"},\"potentialAction\":[{\"@type\":\"SearchAction\",\"target\":{\"@type\":\"EntryPoint\",\"urlTemplate\":\"https:\/\/uelzener.de\/magazin\/?s={search_term_string}\"},\"query-input\":{\"@type\":\"PropertyValueSpecification\",\"valueRequired\":true,\"valueName\":\"search_term_string\"}}],\"inLanguage\":\"de\"},{\"@type\":\"Organization\",\"@id\":\"https:\/\/uelzener.de\/magazin\/#organization\",\"name\":\"Uelzener Versicherungen\",\"url\":\"https:\/\/uelzener.de\/magazin\/\",\"logo\":{\"@type\":\"ImageObject\",\"inLanguage\":\"de\",\"@id\":\"https:\/\/uelzener.de\/magazin\/#\/schema\/logo\/image\/\",\"url\":\"https:\/\/uelzener.de\/magazin\/app\/uploads\/2024\/11\/uelzener_allgemeine_versicherungsgesellschaft_a_g_logo.jpg\",\"contentUrl\":\"https:\/\/uelzener.de\/magazin\/app\/uploads\/2024\/11\/uelzener_allgemeine_versicherungsgesellschaft_a_g_logo.jpg\",\"width\":200,\"height\":200,\"caption\":\"Uelzener Versicherungen\"},\"image\":{\"@id\":\"https:\/\/uelzener.de\/magazin\/#\/schema\/logo\/image\/\"},\"sameAs\":[\"https:\/\/www.facebook.com\/Uelzener\",\"https:\/\/instagram.com\/uelzener\",\"https:\/\/www.xing.com\/pages\/uelzenerallgemeineversicherungs-gesellschafta-g\",\"https:\/\/www.youtube.com\/UelzenerVersicherungen\"]}]}<\/script>\n<!-- \/ Yoast SEO Premium plugin. -->","yoast_head_json":{"title":"Insektenstich beim Hund \u2013 Vorbeugung & Erste Hilfe | Uelzener","description":"Dein Hund wurde von Wespe oder Biene gestochen? \u25b6 Erfahre hier, was zu tun ist und wie du Insektenstichen vorbeugen kannst!","robots":{"index":"index","follow":"follow","max-snippet":"max-snippet:-1","max-image-preview":"max-image-preview:large","max-video-preview":"max-video-preview:-1"},"canonical":"https:\/\/uelzener.de\/magazin\/hund\/tiergesundheit\/insektenstich-hund-wespenstich-bienenstich\/","og_locale":"de_DE","og_type":"article","og_title":"Insektenstich beim Hund","og_description":"Dein Hund wurde von Wespe oder Biene gestochen? \u25b6 Erfahre hier, was zu tun ist und wie du Insektenstichen vorbeugen kannst!","og_url":"https:\/\/uelzener.de\/magazin\/hund\/tiergesundheit\/insektenstich-hund-wespenstich-bienenstich\/","og_site_name":"Uelzener Tier-Magazin","article_publisher":"https:\/\/www.facebook.com\/Uelzener","article_modified_time":"2023-10-25T09:07:17+00:00","og_image":[{"width":650,"height":432,"url":"https:\/\/uelzener.de\/magazin\/app\/uploads\/2015\/07\/60fbea72-7b52-4610-8027-2397d7ff5393.jpg","type":"image\/jpeg"}],"twitter_card":"summary_large_image","twitter_misc":{"Gesch\u00e4tzte Lesezeit":"5\u00a0Minuten"},"schema":{"@context":"https:\/\/schema.org","@graph":[{"@type":"WebPage","@id":"https:\/\/uelzener.de\/magazin\/hund\/tiergesundheit\/insektenstich-hund-wespenstich-bienenstich\/","url":"https:\/\/uelzener.de\/magazin\/hund\/tiergesundheit\/insektenstich-hund-wespenstich-bienenstich\/","name":"Insektenstich beim Hund \u2013 Vorbeugung & Erste Hilfe | Uelzener","isPartOf":{"@id":"https:\/\/uelzener.de\/magazin\/#website"},"primaryImageOfPage":{"@id":"https:\/\/uelzener.de\/magazin\/hund\/tiergesundheit\/insektenstich-hund-wespenstich-bienenstich\/#primaryimage"},"image":{"@id":"https:\/\/uelzener.de\/magazin\/hund\/tiergesundheit\/insektenstich-hund-wespenstich-bienenstich\/#primaryimage"},"thumbnailUrl":"https:\/\/uelzener.de\/magazin\/app\/uploads\/2015\/07\/60fbea72-7b52-4610-8027-2397d7ff5393.jpg","datePublished":"2015-07-20T00:00:00+00:00","dateModified":"2023-10-25T09:07:17+00:00","description":"Dein Hund wurde von Wespe oder Biene gestochen? \u25b6 Erfahre hier, was zu tun ist und wie du Insektenstichen vorbeugen kannst!","breadcrumb":{"@id":"https:\/\/uelzener.de\/magazin\/hund\/tiergesundheit\/insektenstich-hund-wespenstich-bienenstich\/#breadcrumb"},"inLanguage":"de","potentialAction":[{"@type":"ReadAction","target":["https:\/\/uelzener.de\/magazin\/hund\/tiergesundheit\/insektenstich-hund-wespenstich-bienenstich\/"]}]},{"@type":"ImageObject","inLanguage":"de","@id":"https:\/\/uelzener.de\/magazin\/hund\/tiergesundheit\/insektenstich-hund-wespenstich-bienenstich\/#primaryimage","url":"https:\/\/uelzener.de\/magazin\/app\/uploads\/2015\/07\/60fbea72-7b52-4610-8027-2397d7ff5393.jpg","contentUrl":"https:\/\/uelzener.de\/magazin\/app\/uploads\/2015\/07\/60fbea72-7b52-4610-8027-2397d7ff5393.jpg","width":650,"height":432,"caption":"Ein kleiner Hund l\u00e4uft \u00fcber eine Blumenwiese. Er muss aufpassen keinen Insektenstich zu bekommen."},{"@type":"WebSite","@id":"https:\/\/uelzener.de\/magazin\/#website","url":"https:\/\/uelzener.de\/magazin\/","name":"Uelzener Tiermagazin","description":"Online Tierratgeber der Uelzener Versicherungen","publisher":{"@id":"https:\/\/uelzener.de\/magazin\/#organization"},"potentialAction":[{"@type":"SearchAction","target":{"@type":"EntryPoint","urlTemplate":"https:\/\/uelzener.de\/magazin\/?s={search_term_string}"},"query-input":{"@type":"PropertyValueSpecification","valueRequired":true,"valueName":"search_term_string"}}],"inLanguage":"de"},{"@type":"Organization","@id":"https:\/\/uelzener.de\/magazin\/#organization","name":"Uelzener Versicherungen","url":"https:\/\/uelzener.de\/magazin\/","logo":{"@type":"ImageObject","inLanguage":"de","@id":"https:\/\/uelzener.de\/magazin\/#\/schema\/logo\/image\/","url":"https:\/\/uelzener.de\/magazin\/app\/uploads\/2024\/11\/uelzener_allgemeine_versicherungsgesellschaft_a_g_logo.jpg","contentUrl":"https:\/\/uelzener.de\/magazin\/app\/uploads\/2024\/11\/uelzener_allgemeine_versicherungsgesellschaft_a_g_logo.jpg","width":200,"height":200,"caption":"Uelzener Versicherungen"},"image":{"@id":"https:\/\/uelzener.de\/magazin\/#\/schema\/logo\/image\/"},"sameAs":["https:\/\/www.facebook.com\/Uelzener","https:\/\/instagram.com\/uelzener","https:\/\/www.xing.com\/pages\/uelzenerallgemeineversicherungs-gesellschafta-g","https:\/\/www.youtube.com\/UelzenerVersicherungen"]}]}},"_links":{"self":[{"href":"https:\/\/uelzener.de\/magazin\/wp-json\/wp\/v2\/pages\/10009","targetHints":{"allow":["GET"]}}],"collection":[{"href":"https:\/\/uelzener.de\/magazin\/wp-json\/wp\/v2\/pages"}],"about":[{"href":"https:\/\/uelzener.de\/magazin\/wp-json\/wp\/v2\/types\/page"}],"author":[{"embeddable":true,"href":"https:\/\/uelzener.de\/magazin\/wp-json\/wp\/v2\/users\/1"}],"replies":[{"embeddable":true,"href":"https:\/\/uelzener.de\/magazin\/wp-json\/wp\/v2\/comments?post=10009"}],"version-history":[{"count":7,"href":"https:\/\/uelzener.de\/magazin\/wp-json\/wp\/v2\/pages\/10009\/revisions"}],"predecessor-version":[{"id":16481,"href":"https:\/\/uelzener.de\/magazin\/wp-json\/wp\/v2\/pages\/10009\/revisions\/16481"}],"up":[{"embeddable":true,"href":"https:\/\/uelzener.de\/magazin\/wp-json\/wp\/v2\/pages\/11701"}],"wp:featuredmedia":[{"embeddable":true,"href":"https:\/\/uelzener.de\/magazin\/wp-json\/wp\/v2\/media\/10599"}],"wp:attachment":[{"href":"https:\/\/uelzener.de\/magazin\/wp-json\/wp\/v2\/media?parent=10009"}],"curies":[{"name":"wp","href":"https:\/\/api.w.org\/{rel}","templated":true}]}}