{"id":10008,"date":"2022-10-14T16:10:00","date_gmt":"2022-10-14T14:10:00","guid":{"rendered":""},"modified":"2025-11-13T10:45:42","modified_gmt":"2025-11-13T09:45:42","slug":"familienhunde","status":"publish","type":"page","link":"https:\/\/uelzener.de\/magazin\/hund\/haeufige-fragen\/familienhunde\/","title":{"rendered":"Ein Familienhund soll es sein: Welche Rassen eignen sich?"},"content":{"rendered":"<p>Viele Kinder w\u00fcnschen sich einen Hund als Spielgef\u00e4hrten und treuen Begleiter. F\u00fcr Eltern ist diese Entscheidung eine Herausforderung: Ein Hund ist mit Verantwortung und zus\u00e4tzlichem Zeitaufwand verbunden. Bei der Wahl eines f\u00fcr deine Familie geeigneten Vierbeiners kann er jedoch auch eine ungeahnte Bereicherung sein und deine Kinder k\u00f6nnen in ihrer Entwicklung von dem Zusammenleben profitieren. Erfahre hier, welche Hund sich f\u00fcr deine Familie eignet und was du bedenken solltest.<\/p>\n<h2>Besondere Anspr\u00fcche an einen Familienhund<\/h2>\n<p>Hunde brauchen <strong>Erziehung<\/strong> und eine ihrem individuellen <strong>Charakter entsprechende Besch\u00e4ftigung<\/strong>. Sie m\u00fcssen t\u00e4glich <strong>mehrmals nach drau\u00dfen<\/strong>, ben\u00f6tigen <strong>artgerechtes Futter<\/strong> und es kommen regelm\u00e4\u00dfige, aber bisweilen auch unerwartete <strong>Tierarztkosten<\/strong> auf dich zu. Letzterem beugst du mit einer <strong>Hundeversicherung<\/strong> vor.<\/p>\n\n<div class=\"banner\">\n    <a href=\"https:\/\/uelzener.de\/hund\/?agt=0000104925&sem=true&utm_medium=magazin&utm_source=wordpress&utm_campaign=hund&utm_content=banner\">\n        <img decoding=\"async\" width=\"300\" height=\"212\" src=\"https:\/\/uelzener.de\/magazin\/app\/uploads\/2023\/10\/Hunde-Versicherung.jpg\" class=\"attachment-medium size-medium\" alt=\"Banner Hunde-Versicherung\" \/>    <\/a>\n<\/div>\n\n<p>Je nach Rasse kann au\u00dferdem die Fellpflege die Verpflichtungen erweitern. Dem gegen\u00fcber steht die <strong>Treue des vierbeinigen Familienmitglieds<\/strong>, das mit seinen unschuldigen Augen zu dir aufblickt, dich freudig begr\u00fc\u00dft und dir Halt geben und Trost spenden kann.<\/p>\n<p>Diesen unproblematischen Optimalfall erhoffen sich viele Familien. Allerdings bringen Hunde je nach Rasse und individuellem Wesen spezifische Eigenschaften mit. Denke daher zun\u00e4chst dar\u00fcber nach, <strong>wie du das Zusammenleben mit Kindern und Hund organisieren kannst<\/strong>. Hast du tats\u00e4chlich genug Zeit f\u00fcr die Erziehung, die artgerechte Besch\u00e4ftigung und die t\u00e4glichen Spazierg\u00e4nge? Kannst du bei kleinen Kindern sicherstellen, dass sie niemals unbeaufsichtigt mit dem Hund zusammen sind?<\/p>\n<p>Neben diesen Fragen und dem Alter der Kinder sind der Tagesablauf, das Lebensumfeld und die Lebensgewohnheiten zu ber\u00fccksichtigen. Seid ihr eine aktive Familie, die gerne unterwegs ist, darf es auch ein aktiverer Hund sein. Andernfalls ist ein ruhigerer, gen\u00fcgsamerer Vertreter passender.<\/p>\n<h2>Wesensz\u00fcge, die eine Familienhund-Rasse mitbringen sollte<\/h2>\n<p>Es gibt typische Wesensz\u00fcge, die eine Familienhund-Rasse auszeichnen und das <strong>Zusammenleben mit Kindern erleichtern<\/strong>:<\/p>\n<ul>\n<li>Ausgeglichenheit<\/li>\n<li>Verspieltheit<\/li>\n<li>Kooperationsbereitschaft<\/li>\n<li>Lernfreude<\/li>\n<li>belastbares Nervenkost\u00fcm<\/li>\n<li>umg\u00e4ngliches Wesen<\/li>\n<li>geringe Stressanf\u00e4lligkeit und Aggressionsbereitschaft<\/li>\n<\/ul>\n<h3>Fragen, die du dir stellen solltest<\/h3>\n<p>Es gibt sogenannte <strong>Familienhunde f\u00fcr Anf\u00e4nger<\/strong>, die ohne Vorerfahrung von Natur aus recht umg\u00e4nglich sind und sich bereitwillig in das Familienleben integrieren. Doch auch bei solchen Vertretern sind vorab grunds\u00e4tzliche Dinge zu kl\u00e4ren. Das betrifft in erster Linie die eigenen Vorstellungen und M\u00f6glichkeiten:<\/p>\n<ul>\n<li>Gr\u00f6\u00dfe und Gewicht<\/li>\n<li>Pflegeaufwand (Fell-, Augen-, Ohren- und Pfotenpflege)<\/li>\n<li>Welpe oder erwachsener Hund?<\/li>\n<li>Hund vom Z\u00fcchter oder aus dem Tierheim?<\/li>\n<li>Rassehund oder Mischling?<\/li>\n<li>R\u00fcde oder H\u00fcndin?<\/li>\n<\/ul>\n<p>Ein kleiner Hund ist nat\u00fcrlich handlicher als ein gro\u00dfer Labrador oder Berner Sennenhund. Das bedeutet jedoch nicht zwangsl\u00e4ufig, dass kleine Familienhunde einfacher im Umgang sind. <strong>Willensstarke Vertreter wie Jack Russel Terrier <\/strong>k\u00f6nnen \u00e4u\u00dferst quirlig sein, kleine Pudel sind sehr schlau veranlagt und erfordern eine durchdachte Auslastung. Ein <strong>Berner Sennenhund<\/strong> kann mit seinem <strong>oft ruhigeren Gem\u00fct<\/strong> weniger fordernd sein. <strong>Welpen haben den Vorteil<\/strong>, dass sich der <strong>Charakter und das Verhalten noch gut pr\u00e4gen lassen<\/strong>, daf\u00fcr bedeuten sie einen enormen Zeitaufwand.<\/p>\n<h3>Hunde und Babys &#8211; was ist zu beachten?<\/h3>\n<p>Hast du ein Baby im Haus, gibt es weitere nachdenkenswerte Faktoren. Weder dein Baby noch der Hund sollen sich <strong>vernachl\u00e4ssigt oder zur\u00fcckgesetzt f\u00fchlen<\/strong>. Es darf nicht zur Eifersucht durch den Hund kommen, aber auch nicht zu Besitzanspr\u00fcchen und dem Drang, das kleine Wesen erziehen zu wollen. <strong>H\u00fctetrieb ist ebenso ung\u00fcnstig wie Schutztrieb<\/strong>.<\/p>\n<p>Wichtig sind vor allem <strong>klare Regeln<\/strong>, die du aufstellst und dem Hund vermittelst. Er ben\u00f6tigt auf jeden Fall einen <strong>Platz, an den er sich zur\u00fcckziehen<\/strong> kann. Auch mit einem noch so friedfertigen Hund sollte dein Baby <strong>niemals unbeaufsichtigt<\/strong> sein.<\/p>\n<p>Wohl kann ein Hund auf dein Baby animierend wirken, indem es ihn ins Fell fassen, ihn streicheln, sich zu ihm hinbewegen m\u00f6chte. Unter deiner <strong>Anleitung und Aufsicht<\/strong> kann es in der motorischen Entwicklung enorm davon profitieren und lernen, achtsam mit dem Vierbeiner umzugehen. An erster Stelle sollte immer die <strong>Sicherheit des Babys und des Hundes<\/strong> stehen.<\/p>\n<h2>Hunde und andere Haustiere<\/h2>\n<p>Im Prinzip gilt f\u00fcr andere Haustiere dasselbe wie bei Hunden und Babys. Der Hund soll sie <strong>weder jagen noch h\u00fcten noch erziehen<\/strong> wollen oder gar aggressives Verhalten zeigen. Er muss lernen, dass <strong>Kleintiere nicht sein Spielzeug sind<\/strong> und nicht seiner Ern\u00e4hrung dienen. Auch Hunde und Katzen k\u00f6nnen schrittweise aneinander herangef\u00fchrt werden.<\/p>\n<p>Grunds\u00e4tzlich ist im Zusammenleben deine Erziehung gefragt, wobei es aber auch stark wesensabh\u00e4ngig sein kann, wie es sich gestaltet. Es gibt Hunde, die bewegen sich frei zwischen H\u00fchnern, Kaninchen, Meerschweinchen, Katzen oder Schafen, andere zeigen heftige Reaktionen. Einen Welpen kannst du vermutlich einfacher auf ein reibungsloses Miteinander pr\u00e4gen.<\/p>\n<h2>Rassehund oder Mischling?<\/h2>\n<p>Der Vorteil bei einem Rassehund ist, dass sich recht sicher bestimmte Eigenarten nennen lassen, die er mitbringen wird. Solche sind jahrelang selektiv gez\u00fcchtet und nicht bei jedem Hundewesen gleich ausgepr\u00e4gt, aber die Wahrscheinlichkeit ist hoch, dass ein <strong>Border Collie H\u00fcteambitionen<\/strong> hat, ein <strong>Labrador gerne apportiert<\/strong> und ein <strong>Jagdhund jagen m\u00f6chte<\/strong>. Bei einem <strong>Mischling l\u00e4sst sich eine bestimmte Tendenz weniger vorhersagen<\/strong>: Ein Labradormischling, der optisch dem Labrador \u00e4hnelt, kann im Wesen deutlich zeigen, was noch f\u00fcr eine Rasse in ihm steckt. Befasse dich daher vor der Anschaffung intensiv mit dem individuellen Hund, um seine Veranlagungen und Bed\u00fcrfnisse kennenzulernen.<\/p>\n<h2>Familienhund trotz Allergie?<\/h2>\n<p>Die meisten Hunde haaren und sondern dabei winzige Hautsch\u00fcppchen ab. Reagierst du oder ein anderes Familienmitglied allergisch darauf, spricht das nicht zwangsl\u00e4ufig gegen einen Hund im Haus. Von Rassen wie Pudeln oder Yorkshire Terriern ist bekannt, dass sie nicht haaren. Au\u00dferdem gibt es neue definierte Rassen, bei denen es sich eigentlich um <a href=\"https:\/\/uelzener.de\/magazin\/hund\/tiergesundheit\/mischlinge-sind-gesuender-als-rassehunde\/\">Mischlinge<\/a> handelt, beispielsweise Kreuzungen zwischen <strong>Labrador und Pudel<\/strong>, Labradoodle genannt. Sie gelten als <strong>allergikergeeignet<\/strong>.<\/p>\n<p>Suche gezielt nach solchen Hunden, die nicht haaren, und probiere im Zweifel vor der Anschaffung einfach aus, ob der Kontakt allergiefrei funktioniert. Dein <strong>Erste-Hilfe-Set<\/strong> solltest du sicherheitshalber selbstverst\u00e4ndlich zur Hand haben. Alternativ k\u00f6nntest du \u00fcber eine <strong>Hyposensibilisierung <\/strong>nachdenken.<\/p>\n\n<div class=\"related_articles boxed\">\n    <h2>Mehr zum Thema<\/h2>\n    \n    <div class=\"wrapper\"><div class=\"title align-center\"><h3><a href=\"https:\/\/uelzener.de\/magazin\/hund\/rasseportrait\/hunde-die-nicht-haaren\/\">Hunde, die nicht haaren: Weniger putzen, mehr kuscheln<\/a><\/h3><\/div><div class=\"img align-center\"><img decoding=\"async\" width=\"315\" height=\"180\" src=\"https:\/\/uelzener.de\/magazin\/app\/uploads\/2024\/06\/nicht-haarende-hunde-havanser-315x180.jpg\" class=\"attachment-315x180 size-315x180 wp-post-image\" alt=\"Havaneser geh\u00f6ren zu den nicht haarenden Hunden.\" \/><\/div><\/div><div class=\"wrapper\"><div class=\"title align-center\"><h3><a href=\"https:\/\/uelzener.de\/magazin\/hund\/pflege\/fellwechsel-hund\/\">Fellwechsel beim Hund<\/a><\/h3><\/div><div class=\"img align-center\"><img decoding=\"async\" width=\"315\" height=\"180\" src=\"https:\/\/uelzener.de\/magazin\/app\/uploads\/2021\/10\/Fellwechsel-beim-Hund-315x180.jpg\" class=\"attachment-315x180 size-315x180 wp-post-image\" alt=\"Nach dem b\u00fcrsten sind viele Haare in der B\u00fcrste zur\u00fcckgeblieben, der Fellwechsel steht an.\" \/><\/div><\/div><div class=\"wrapper\"><div class=\"title align-center\"><h3><a href=\"https:\/\/uelzener.de\/magazin\/hund\/pflege\/fellpflege-beim-hund\/\">Fellpflege beim Hund: N\u00fctzliche Tipps und Infos<\/a><\/h3><\/div><div class=\"img align-center\"><img decoding=\"async\" width=\"315\" height=\"180\" src=\"https:\/\/uelzener.de\/magazin\/app\/uploads\/2023\/03\/fellpflege-beim-hund-315x180.jpg\" class=\"attachment-315x180 size-315x180 wp-post-image\" alt=\"Ein kleiner Hund wird geb\u00fcrstet. Fellpflege ist n\u00e4mlich wichtig f\u00fcr die Gesundheit.\" \/><\/div><\/div><\/div>\n\n<h2>Gro\u00dfe, mittlere und kleine Familienhunde \u2013 die Top 10<\/h2>\n<p><strong>Vorab:<\/strong> Den speziellen idealen Hund gibt es nicht. Hunde sind Individuen und Lebewesen mit eigenen Bed\u00fcrfnissen. Dennoch gibt es solche, die aufgrund ihrer rassespezifischen Eigenschaften eher als Familienhunde empfohlen werden:<\/p>\n<ol>\n<li><a href=\"https:\/\/uelzener.de\/magazin\/hund\/rasseportrait\/labrador\/\"><strong>Labrador<\/strong><\/a>: gr\u00f6\u00dferer lernwilliger Hund, kooperativ, arbeitseifrig, menschenbezogen<\/li>\n<li><strong>Golden Retriever<\/strong>: m\u00f6chte seinen Menschen gefallen, lernwillig, arbeitseifrig, gilt als kinderfreundlich<\/li>\n<li><a href=\"https:\/\/uelzener.de\/magazin\/hund\/rasseportrait\/jack-russell\/\"><strong>Jack Russel<\/strong><\/a>: kleiner Hund mit starkem Willen, ben\u00f6tigt Konsequenz, bewegungsfreudig, passt eher zu gr\u00f6\u00dferen unternehmungslustigen Kindern, Jagdtrieb ist m\u00f6glich<\/li>\n<li><a href=\"https:\/\/uelzener.de\/magazin\/hund\/rasseportrait\/pudel\/\"><strong>Pudel<\/strong><\/a>: gro\u00dfer Lerneifer, anpassungsf\u00e4hig, braucht Besch\u00e4ftigung f\u00fcr den Kopf, lernt gerne kleine Kunstst\u00fccke, haart nicht<\/li>\n<li><a href=\"https:\/\/uelzener.de\/magazin\/hund\/rasseportrait\/sennenhunde\/\"><strong>Berner Sennenhund<\/strong><\/a>: gro\u00dfer, meist gutm\u00fctig veranlagter Hund mit gutem Nervenkost\u00fcm, kann etwas beh\u00e4big wirken, Schutztrieb ist m\u00f6glich<\/li>\n<li><strong>Beagle<\/strong>: eher ruhiger Charakter, handliche Gr\u00f6\u00dfe, anh\u00e4nglich, bewegungsfreudig, kann Jagdtrieb zeigen<\/li>\n<li><a href=\"https:\/\/uelzener.de\/magazin\/hund\/rasseportrait\/dalmatiner\/\"><strong>Dalmatiner<\/strong><\/a>: aktiv und bewegungsfreudig, verspielt, intelligent und lernwillig, Konsequenz im Umgang erforderlich<\/li>\n<li><strong>Irish Setter<\/strong>: gilt als kinderfreundlich und gesellig, schlau und verspielt, bewegungsfreudig und fr\u00f6hlich temperamentvoll<\/li>\n<li><strong>Neufundl\u00e4nder<\/strong>: wirkt wie ein sanftm\u00fctiger Riese, gutm\u00fctig, oft ruhiger Charakter, Bewegung trotz ausgeglichenem Wesen nicht zu vernachl\u00e4ssigen<\/li>\n<li><strong>Mops<\/strong>: klein und verspielt, kann aber ohne Animation zu Tr\u00e4gheit neigen, ausgeglichenes Gem\u00fct, auf gesunde Zucht achten<\/li>\n<\/ol>\n<h2>Familienhunde f\u00fcr Anf\u00e4nger und Hundeerfahrene<\/h2>\n<p>Sind Kinder im Haus, bedeutet ein Hund zwar eine Mehrbelastung und eine hohe Verantwortung, doch er kann eine enorme Bereicherung sein. In diesem Zusammenhang ist es besonders wichtig, dass du einen passenden Hund ausw\u00e4hlst, der in die Umgebung, zum Lebensstil und den t\u00e4glichen Gepflogenheiten passt. Deine Kinder k\u00f6nnen unter deiner Anleitung viel im Zusammenleben mit dem Hund lernen und viele Hunde lieben die ungezwungene Gesellschaft von Kindern. Er sollte ein gutes Nervenkost\u00fcm mitbringen und sich gerne integrieren. Die Erziehung ist wie bei deinen Kindern eine wichtige Voraussetzung f\u00fcr ein funktionierendes Miteinander.<\/p>\n<p>Auch auf <a href=\"https:\/\/uelzener.de\/magazin\/hund\/haeufige-fragen\/hundeschauen-im-deutschsprachigen-raum-fruehling-sommer-2023\/\">Hundeschauen<\/a> kannst du diverse Hunderassen, ihre Charaktereigenschaften und Skills live erleben bevor du dich f\u00fcr ein Tier entscheidest.<\/p>\n<h2>FAQ: H\u00e4ufig gestellte Fragen<\/h2>\n<h3>Welcher Hund ist der perfekte Familienhund?<\/h3>\n<p>Ideale Familienhunde sind gutm\u00fctig veranlagt, umg\u00e4nglich, nicht \u00fcberm\u00e4\u00dfig nerv\u00f6s, keinesfalls aggressiv, zeigen sich kooperativ und gerne auch verspielt.<\/p>\n<h3>Eignet sich ein Hund aus dem Tierheim als Familienhund?<\/h3>\n<p>Im Tierheim kannst du den Hund vorher ausgiebig kennenlernen und dich beraten lassen: Nicht alle Tierheimhunde sind traumatisiert oder schwierig im Umgang.<\/p>\n<h3>Welcher Hund ist f\u00fcr Anf\u00e4nger geeignet?<\/h3>\n<p>Familienhunde f\u00fcr Anf\u00e4nger zeichnen sich dadurch aus, dass sie sich gerne am Menschen orientieren, ausgeglichen sind, sich spielerisch erziehen lassen und keinen ausgepr\u00e4gten Jagd-, H\u00fcte- oder Schutztrieb zeigen.<\/p>\n","protected":false},"excerpt":{"rendered":"<p>Viele Kinder w\u00fcnschen sich einen Hund als Spielgef\u00e4hrten und treuen Begleiter. F\u00fcr Eltern ist diese Entscheidung eine Herausforderung: Ein Hund ist mit Verantwortung und zus\u00e4tzlichem Zeitaufwand verbunden. Bei der Wahl eines f\u00fcr deine Familie geeigneten Vierbeiners kann er jedoch auch eine ungeahnte Bereicherung sein und deine Kinder k\u00f6nnen in ihrer Entwicklung von dem Zusammenleben profitieren. [&hellip;]<\/p>\n","protected":false},"author":1,"featured_media":14111,"parent":11687,"menu_order":24,"comment_status":"open","ping_status":"open","template":"templates\/blog.php","meta":{"_acf_changed":false,"_crdt_document":"","footnotes":"","beyondwords_generate_audio":"0","beyondwords_project_id":"","beyondwords_content_id":"","beyondwords_preview_token":"","beyondwords_player_style":"","beyondwords_language_id":"","beyondwords_title_voice_id":"","beyondwords_body_voice_id":"","beyondwords_summary_voice_id":"","beyondwords_error_message":"","beyondwords_disabled":"","beyondwords_delete_content":"","beyondwords_podcast_id":"","beyondwords_hash":"","publish_post_to_speechkit":"","speechkit_hash":"","speechkit_generate_audio":"","speechkit_project_id":"","speechkit_podcast_id":"","speechkit_error_message":"","speechkit_disabled":"","speechkit_access_key":"","speechkit_error":"","speechkit_info":"","speechkit_response":"","speechkit_retries":"","speechkit_status":"","speechkit_updated_at":"","_speechkit_link":"","_speechkit_text":""},"class_list":["post-10008","page","type-page","status-publish","has-post-thumbnail","hentry"],"acf":[],"yoast_head":"<!-- This site is optimized with the Yoast SEO Premium plugin  - https:\/\/yoast.com\/product\/yoast-seo-premium-wordpress\/ -->\n<title>Familienhunde: Hunderassen f\u00fcr Anf\u00e4nger | Uelzener Tier-Magazin<\/title>\n<meta name=\"description\" content=\"So findest du den richtigen Hund f\u00fcr die Familie \u2713 Tipps &amp; Anregungen zur Hunderassen-Auswahl \u25b6 Hier informieren!\" \/>\n<meta name=\"robots\" content=\"index, follow, max-snippet:-1, max-image-preview:large, max-video-preview:-1\" \/>\n<link rel=\"canonical\" href=\"https:\/\/uelzener.de\/magazin\/hund\/haeufige-fragen\/familienhunde\/\" \/>\n<meta property=\"og:locale\" content=\"de_DE\" \/>\n<meta property=\"og:type\" content=\"article\" \/>\n<meta property=\"og:title\" content=\"Ein Familienhund soll es sein: Welche Rassen eignen sich?\" \/>\n<meta property=\"og:description\" content=\"So findest du den richtigen Hund f\u00fcr die Familie \u2713 Tipps &amp; Anregungen zur Hunderassen-Auswahl \u25b6 Hier informieren!\" \/>\n<meta property=\"og:url\" content=\"https:\/\/uelzener.de\/magazin\/hund\/haeufige-fragen\/familienhunde\/\" \/>\n<meta property=\"og:site_name\" content=\"Uelzener Tier-Magazin\" \/>\n<meta property=\"article:publisher\" content=\"https:\/\/www.facebook.com\/Uelzener\" \/>\n<meta property=\"article:modified_time\" content=\"2025-11-13T09:45:42+00:00\" \/>\n<meta property=\"og:image\" content=\"https:\/\/uelzener.de\/magazin\/app\/uploads\/2022\/10\/familienhund.jpg\" \/>\n\t<meta property=\"og:image:width\" content=\"650\" \/>\n\t<meta property=\"og:image:height\" content=\"432\" \/>\n\t<meta property=\"og:image:type\" content=\"image\/jpeg\" \/>\n<meta name=\"twitter:card\" content=\"summary_large_image\" \/>\n<meta name=\"twitter:label1\" content=\"Gesch\u00e4tzte Lesezeit\" \/>\n\t<meta name=\"twitter:data1\" content=\"8\u00a0Minuten\" \/>\n<script type=\"application\/ld+json\" class=\"yoast-schema-graph\">{\"@context\":\"https:\\\/\\\/schema.org\",\"@graph\":[{\"@type\":\"WebPage\",\"@id\":\"https:\\\/\\\/uelzener.de\\\/magazin\\\/hund\\\/haeufige-fragen\\\/familienhunde\\\/\",\"url\":\"https:\\\/\\\/uelzener.de\\\/magazin\\\/hund\\\/haeufige-fragen\\\/familienhunde\\\/\",\"name\":\"Familienhunde: Hunderassen f\u00fcr Anf\u00e4nger | Uelzener Tier-Magazin\",\"isPartOf\":{\"@id\":\"https:\\\/\\\/uelzener.de\\\/magazin\\\/#website\"},\"primaryImageOfPage\":{\"@id\":\"https:\\\/\\\/uelzener.de\\\/magazin\\\/hund\\\/haeufige-fragen\\\/familienhunde\\\/#primaryimage\"},\"image\":{\"@id\":\"https:\\\/\\\/uelzener.de\\\/magazin\\\/hund\\\/haeufige-fragen\\\/familienhunde\\\/#primaryimage\"},\"thumbnailUrl\":\"https:\\\/\\\/uelzener.de\\\/magazin\\\/app\\\/uploads\\\/2022\\\/10\\\/familienhund.jpg\",\"datePublished\":\"2022-10-14T14:10:00+00:00\",\"dateModified\":\"2025-11-13T09:45:42+00:00\",\"description\":\"So findest du den richtigen Hund f\u00fcr die Familie \u2713 Tipps & Anregungen zur Hunderassen-Auswahl \u25b6 Hier informieren!\",\"breadcrumb\":{\"@id\":\"https:\\\/\\\/uelzener.de\\\/magazin\\\/hund\\\/haeufige-fragen\\\/familienhunde\\\/#breadcrumb\"},\"inLanguage\":\"de\",\"potentialAction\":[{\"@type\":\"ReadAction\",\"target\":[\"https:\\\/\\\/uelzener.de\\\/magazin\\\/hund\\\/haeufige-fragen\\\/familienhunde\\\/\"]}]},{\"@type\":\"ImageObject\",\"inLanguage\":\"de\",\"@id\":\"https:\\\/\\\/uelzener.de\\\/magazin\\\/hund\\\/haeufige-fragen\\\/familienhunde\\\/#primaryimage\",\"url\":\"https:\\\/\\\/uelzener.de\\\/magazin\\\/app\\\/uploads\\\/2022\\\/10\\\/familienhund.jpg\",\"contentUrl\":\"https:\\\/\\\/uelzener.de\\\/magazin\\\/app\\\/uploads\\\/2022\\\/10\\\/familienhund.jpg\",\"width\":650,\"height\":432,\"caption\":\"Hier steht ein Text zu dem Bild lalala\"},{\"@type\":\"WebSite\",\"@id\":\"https:\\\/\\\/uelzener.de\\\/magazin\\\/#website\",\"url\":\"https:\\\/\\\/uelzener.de\\\/magazin\\\/\",\"name\":\"Uelzener Tiermagazin\",\"description\":\"Online Tierratgeber der Uelzener Versicherungen\",\"publisher\":{\"@id\":\"https:\\\/\\\/uelzener.de\\\/magazin\\\/#organization\"},\"potentialAction\":[{\"@type\":\"SearchAction\",\"target\":{\"@type\":\"EntryPoint\",\"urlTemplate\":\"https:\\\/\\\/uelzener.de\\\/magazin\\\/?s={search_term_string}\"},\"query-input\":{\"@type\":\"PropertyValueSpecification\",\"valueRequired\":true,\"valueName\":\"search_term_string\"}}],\"inLanguage\":\"de\"},{\"@type\":\"Organization\",\"@id\":\"https:\\\/\\\/uelzener.de\\\/magazin\\\/#organization\",\"name\":\"Uelzener Versicherungen\",\"url\":\"https:\\\/\\\/uelzener.de\\\/magazin\\\/\",\"logo\":{\"@type\":\"ImageObject\",\"inLanguage\":\"de\",\"@id\":\"https:\\\/\\\/uelzener.de\\\/magazin\\\/#\\\/schema\\\/logo\\\/image\\\/\",\"url\":\"https:\\\/\\\/uelzener.de\\\/magazin\\\/app\\\/uploads\\\/2024\\\/11\\\/uelzener_allgemeine_versicherungsgesellschaft_a_g_logo.jpg\",\"contentUrl\":\"https:\\\/\\\/uelzener.de\\\/magazin\\\/app\\\/uploads\\\/2024\\\/11\\\/uelzener_allgemeine_versicherungsgesellschaft_a_g_logo.jpg\",\"width\":200,\"height\":200,\"caption\":\"Uelzener Versicherungen\"},\"image\":{\"@id\":\"https:\\\/\\\/uelzener.de\\\/magazin\\\/#\\\/schema\\\/logo\\\/image\\\/\"},\"sameAs\":[\"https:\\\/\\\/www.facebook.com\\\/Uelzener\",\"https:\\\/\\\/instagram.com\\\/uelzener\",\"https:\\\/\\\/www.xing.com\\\/pages\\\/uelzenerallgemeineversicherungs-gesellschafta-g\",\"https:\\\/\\\/www.youtube.com\\\/UelzenerVersicherungen\"]}]}<\/script>\n<!-- \/ Yoast SEO Premium plugin. -->","yoast_head_json":{"title":"Familienhunde: Hunderassen f\u00fcr Anf\u00e4nger | Uelzener Tier-Magazin","description":"So findest du den richtigen Hund f\u00fcr die Familie \u2713 Tipps & Anregungen zur Hunderassen-Auswahl \u25b6 Hier informieren!","robots":{"index":"index","follow":"follow","max-snippet":"max-snippet:-1","max-image-preview":"max-image-preview:large","max-video-preview":"max-video-preview:-1"},"canonical":"https:\/\/uelzener.de\/magazin\/hund\/haeufige-fragen\/familienhunde\/","og_locale":"de_DE","og_type":"article","og_title":"Ein Familienhund soll es sein: Welche Rassen eignen sich?","og_description":"So findest du den richtigen Hund f\u00fcr die Familie \u2713 Tipps & Anregungen zur Hunderassen-Auswahl \u25b6 Hier informieren!","og_url":"https:\/\/uelzener.de\/magazin\/hund\/haeufige-fragen\/familienhunde\/","og_site_name":"Uelzener Tier-Magazin","article_publisher":"https:\/\/www.facebook.com\/Uelzener","article_modified_time":"2025-11-13T09:45:42+00:00","og_image":[{"width":650,"height":432,"url":"https:\/\/uelzener.de\/magazin\/app\/uploads\/2022\/10\/familienhund.jpg","type":"image\/jpeg"}],"twitter_card":"summary_large_image","twitter_misc":{"Gesch\u00e4tzte Lesezeit":"8\u00a0Minuten"},"schema":{"@context":"https:\/\/schema.org","@graph":[{"@type":"WebPage","@id":"https:\/\/uelzener.de\/magazin\/hund\/haeufige-fragen\/familienhunde\/","url":"https:\/\/uelzener.de\/magazin\/hund\/haeufige-fragen\/familienhunde\/","name":"Familienhunde: Hunderassen f\u00fcr Anf\u00e4nger | Uelzener Tier-Magazin","isPartOf":{"@id":"https:\/\/uelzener.de\/magazin\/#website"},"primaryImageOfPage":{"@id":"https:\/\/uelzener.de\/magazin\/hund\/haeufige-fragen\/familienhunde\/#primaryimage"},"image":{"@id":"https:\/\/uelzener.de\/magazin\/hund\/haeufige-fragen\/familienhunde\/#primaryimage"},"thumbnailUrl":"https:\/\/uelzener.de\/magazin\/app\/uploads\/2022\/10\/familienhund.jpg","datePublished":"2022-10-14T14:10:00+00:00","dateModified":"2025-11-13T09:45:42+00:00","description":"So findest du den richtigen Hund f\u00fcr die Familie \u2713 Tipps & Anregungen zur Hunderassen-Auswahl \u25b6 Hier informieren!","breadcrumb":{"@id":"https:\/\/uelzener.de\/magazin\/hund\/haeufige-fragen\/familienhunde\/#breadcrumb"},"inLanguage":"de","potentialAction":[{"@type":"ReadAction","target":["https:\/\/uelzener.de\/magazin\/hund\/haeufige-fragen\/familienhunde\/"]}]},{"@type":"ImageObject","inLanguage":"de","@id":"https:\/\/uelzener.de\/magazin\/hund\/haeufige-fragen\/familienhunde\/#primaryimage","url":"https:\/\/uelzener.de\/magazin\/app\/uploads\/2022\/10\/familienhund.jpg","contentUrl":"https:\/\/uelzener.de\/magazin\/app\/uploads\/2022\/10\/familienhund.jpg","width":650,"height":432,"caption":"Hier steht ein Text zu dem Bild lalala"},{"@type":"WebSite","@id":"https:\/\/uelzener.de\/magazin\/#website","url":"https:\/\/uelzener.de\/magazin\/","name":"Uelzener Tiermagazin","description":"Online Tierratgeber der Uelzener Versicherungen","publisher":{"@id":"https:\/\/uelzener.de\/magazin\/#organization"},"potentialAction":[{"@type":"SearchAction","target":{"@type":"EntryPoint","urlTemplate":"https:\/\/uelzener.de\/magazin\/?s={search_term_string}"},"query-input":{"@type":"PropertyValueSpecification","valueRequired":true,"valueName":"search_term_string"}}],"inLanguage":"de"},{"@type":"Organization","@id":"https:\/\/uelzener.de\/magazin\/#organization","name":"Uelzener Versicherungen","url":"https:\/\/uelzener.de\/magazin\/","logo":{"@type":"ImageObject","inLanguage":"de","@id":"https:\/\/uelzener.de\/magazin\/#\/schema\/logo\/image\/","url":"https:\/\/uelzener.de\/magazin\/app\/uploads\/2024\/11\/uelzener_allgemeine_versicherungsgesellschaft_a_g_logo.jpg","contentUrl":"https:\/\/uelzener.de\/magazin\/app\/uploads\/2024\/11\/uelzener_allgemeine_versicherungsgesellschaft_a_g_logo.jpg","width":200,"height":200,"caption":"Uelzener Versicherungen"},"image":{"@id":"https:\/\/uelzener.de\/magazin\/#\/schema\/logo\/image\/"},"sameAs":["https:\/\/www.facebook.com\/Uelzener","https:\/\/instagram.com\/uelzener","https:\/\/www.xing.com\/pages\/uelzenerallgemeineversicherungs-gesellschafta-g","https:\/\/www.youtube.com\/UelzenerVersicherungen"]}]}},"_links":{"self":[{"href":"https:\/\/uelzener.de\/magazin\/wp-json\/wp\/v2\/pages\/10008","targetHints":{"allow":["GET"]}}],"collection":[{"href":"https:\/\/uelzener.de\/magazin\/wp-json\/wp\/v2\/pages"}],"about":[{"href":"https:\/\/uelzener.de\/magazin\/wp-json\/wp\/v2\/types\/page"}],"author":[{"embeddable":true,"href":"https:\/\/uelzener.de\/magazin\/wp-json\/wp\/v2\/users\/1"}],"replies":[{"embeddable":true,"href":"https:\/\/uelzener.de\/magazin\/wp-json\/wp\/v2\/comments?post=10008"}],"version-history":[{"count":25,"href":"https:\/\/uelzener.de\/magazin\/wp-json\/wp\/v2\/pages\/10008\/revisions"}],"predecessor-version":[{"id":19451,"href":"https:\/\/uelzener.de\/magazin\/wp-json\/wp\/v2\/pages\/10008\/revisions\/19451"}],"up":[{"embeddable":true,"href":"https:\/\/uelzener.de\/magazin\/wp-json\/wp\/v2\/pages\/11687"}],"wp:featuredmedia":[{"embeddable":true,"href":"https:\/\/uelzener.de\/magazin\/wp-json\/wp\/v2\/media\/14111"}],"wp:attachment":[{"href":"https:\/\/uelzener.de\/magazin\/wp-json\/wp\/v2\/media?parent=10008"}],"curies":[{"name":"wp","href":"https:\/\/api.w.org\/{rel}","templated":true}]}}