{"id":10007,"date":"2022-12-12T10:00:00","date_gmt":"2022-12-12T09:00:00","guid":{"rendered":""},"modified":"2025-11-13T10:39:04","modified_gmt":"2025-11-13T09:39:04","slug":"alter-hund","status":"publish","type":"page","link":"https:\/\/uelzener.de\/magazin\/hund\/tiergesundheit\/alter-hund\/","title":{"rendered":"Alter Hund: Darauf solltest du im Alltag achten"},"content":{"rendered":"<p>Wenn der geliebte Hund \u00e4lter wird, fragen sich viele Hundehalter, welche neuen Bed\u00fcrfnisse nun entstehen. Muss ich das Futter anpassen? Wie besch\u00e4ftige ich einen Hundesenior richtig? Was ist in puncto Gesundheit und Pflege zu beachten? Wir geben dir Tipps, wie du auch reifere Fellnasen optimal versorgst!<\/p>\n<p>Dein Liebling wird langsam grau um die Schnauze? Das ist nur eines von vielen Merkmalen, an denen sich das fortgeschrittene Alter eines Hundes ablesen l\u00e4sst. Manchmal deuten auch ein erh\u00f6hter Schlafbedarf oder abnehmendes H\u00f6r- und Sehverm\u00f6gen darauf hin, dass der Hund in den Seniorenstand eintritt. Aber was genau bedeutet \u201ealter Hund\u201c eigentlich?<\/p>\n<h2>Alter Hund: eine kurze Definition<\/h2>\n<p>\u201eAlter\u201c im medizinischen Sinne meint die Phase des Lebens, in der die Neigung zu Krankheiten deutlich zunimmt. Arthrose, Diabetes, Krebs: Alle Leiden, die einen Hund schon in jungen Jahren treffen k\u00f6nnen, treten ab einem bestimmten Alter verst\u00e4rkt auf. Wann dieser Zeitpunkt eintritt, variiert je nach Gr\u00f6\u00dfe des Hundes: W\u00e4hrend gro\u00dfe Rassen wie Sch\u00e4ferhund und Labrador bereits mit sieben bis acht Jahren als Senioren gelten, ist dies bei kleinen erst mit zehn Jahren der Fall.<\/p>\n<h2>Aktivit\u00e4ten mit alten Hunden<\/h2>\n<p>Neben eventuellen gesundheitlichen Einschr\u00e4nkungen \u00e4ndert sich bei einem \u00e4lteren Hund auch das Verhalten: Er wird ruhiger, schl\u00e4ft mehr. Sollte der Hund von nun an also besonders \u201egeschont\u201c werden?<\/p>\n<p>Solange ein Hund von sich aus gerne rennt und tobt, ist dagegen auch im fortgeschrittenen Alter nichts einzuwenden \u2013 solange man es nicht \u00fcbertreibt. Verlieren Hunde jedoch zunehmend den Spa\u00df an wilden Tobereien, lassen sie sich stattdessen mit Suchspielen wie dem Aufst\u00f6bern von Futter-Dummys besch\u00e4ftigen. Auch Geschicklichkeitsaufgaben werden gerne angenommen. So bietet z. B. ein Balance-Parcours dem Hund Spa\u00df und h\u00e4lt ihn gleichzeitig motorisch fit. F\u00fcr Spazierg\u00e4nge gilt die Regel: K\u00fcrzer, aber \u00f6fter, denn auch vor der Blase des Hundes macht das Alter nicht Halt!<\/p>\n<h2>Ern\u00e4hrung im Alter<\/h2>\n<p>Bewegungsdrang und Stoffwechsel nehmen im Alter ab. Da viele Hunde deshalb zu \u00dcbergewicht neigen, sollte die Kalorienzufuhr um etwa 30 % reduziert werden. Gleichzeitig brauchen \u00e4ltere Hunde mehr Vitamine und N\u00e4hrstoffe wie zum Beispiel Zink, das den Reparaturmechanismus des K\u00f6rpers ankurbelt. Beim Futter hei\u00dft es somit: weniger, aber hochwertiger. Achte bei ausgewiesenem Seniorenfutter darauf, dass es nicht nur kalorienreduziert ist, sondern die N\u00e4hrstoffbed\u00fcrfnisse des \u00e4lteren Hundes ber\u00fccksichtigt. Wer gerne kocht, kann seinem Hund nat\u00fcrlich auch selbst ein altersgerechtes Men\u00fc zaubern!<\/p>\n<h2>Gesundheit und Pflege von Hunden im Alter<\/h2>\n<p>Wie wir Menschen neigen auch Hunde im Alter vermehrt zu Krankheiten. Du solltest daher h\u00e4ufiger den Tierarzt aufsuchen und demnach eine gute <strong>Hunde-Versicherung<\/strong> haben, um die Kosten einzugrenzen. Denn rechtzeitig erkannt lassen sich viele Probleme noch gut in den Griff bekommen. Au\u00dferdem wird gerade bei \u00e4lteren Tieren die Pflege von Fell, Ohren und Z\u00e4hnen immer wichtiger: Gut, dass die Senioren bei dieser Routine meist ausgesprochen geduldig sind.<\/p>\n\n<div class=\"banner\">\n    <a href=\"https:\/\/uelzener.de\/hund\/?agt=0000104925&sem=true&utm_medium=magazin&utm_source=wordpress&utm_campaign=hund&utm_content=banner\">\n        <img decoding=\"async\" width=\"300\" height=\"212\" src=\"https:\/\/uelzener.de\/magazin\/app\/uploads\/2023\/10\/Hunde-Versicherung.jpg\" class=\"attachment-medium size-medium\" alt=\"Banner Hunde-Versicherung\" \/>    <\/a>\n<\/div>\n\n<p>Grundwissen \u00fcber die h\u00e4ufigsten Hundekrankheiten und Unf\u00e4lle sind auch nie verkehrt, um im Falle schnell reagieren zu k\u00f6nnen, f\u00fcr ein langes Hundeleben.<\/p>\n\n<div class=\"related_articles boxed\">\n    <h2>Mehr zum Thema<\/h2>\n    \n    <div class=\"wrapper\"><div class=\"title align-center\"><h3><a href=\"https:\/\/uelzener.de\/magazin\/hund\/tiergesundheit\/hundekrankheiten-unfaelle\/\">Hundekrankheiten und Unf\u00e4lle, die du unbedingt kennen musst<\/a><\/h3><\/div><div class=\"img align-center\"><img decoding=\"async\" width=\"315\" height=\"180\" src=\"https:\/\/uelzener.de\/magazin\/app\/uploads\/2023\/01\/haeufige-hundekrankheiten-unfaelle-315x180.jpg\" class=\"attachment-315x180 size-315x180 wp-post-image\" alt=\"Kranker Hund wird gestreichelt.\" \/><\/div><\/div><div class=\"wrapper\"><div class=\"title align-center\"><h3><a href=\"https:\/\/uelzener.de\/magazin\/hund\/tiergesundheit\/arthrose-beim-hund-wie-man-sie-erkennt-und-behandeln-kann\/\">Arthrose beim Hund: Wie man sie erkennt und behandeln kann<\/a><\/h3><\/div><div class=\"img align-center\"><img decoding=\"async\" width=\"315\" height=\"180\" src=\"https:\/\/uelzener.de\/magazin\/app\/uploads\/2023\/05\/arthrose-hund-315x180.jpg\" class=\"attachment-315x180 size-315x180 wp-post-image\" alt=\"Hundepfote wird auf Arthrose-Hinweise abgetastet.\" \/><\/div><\/div><div class=\"wrapper\"><div class=\"title align-center\"><h3><a href=\"https:\/\/uelzener.de\/magazin\/hund\/tiergesundheit\/krebs-beim-hund\/\">Krebs beim Hund: Vom Osteosarkom bis zum Gehirntumor<\/a><\/h3><\/div><div class=\"img align-center\"><img decoding=\"async\" width=\"315\" height=\"138\" src=\"https:\/\/uelzener.de\/magazin\/app\/uploads\/2025\/09\/krebs-hund.png\" class=\"attachment-315x180 size-315x180 wp-post-image\" alt=\"Hund mit Krebs.\" \/><\/div><\/div><\/div>\n\n","protected":false},"excerpt":{"rendered":"<p>Wenn der geliebte Hund \u00e4lter wird, fragen sich viele Hundehalter, welche neuen Bed\u00fcrfnisse nun entstehen. Muss ich das Futter anpassen? Wie besch\u00e4ftige ich einen Hundesenior richtig? Was ist in puncto Gesundheit und Pflege zu beachten? Wir geben dir Tipps, wie du auch reifere Fellnasen optimal versorgst! Dein Liebling wird langsam grau um die Schnauze? Das [&hellip;]<\/p>\n","protected":false},"author":11,"featured_media":14582,"parent":11701,"menu_order":43,"comment_status":"open","ping_status":"open","template":"templates\/blog.php","meta":{"_acf_changed":false,"_crdt_document":"","footnotes":"","beyondwords_generate_audio":"0","beyondwords_project_id":"","beyondwords_content_id":"","beyondwords_preview_token":"","beyondwords_player_style":"","beyondwords_language_id":"","beyondwords_title_voice_id":"","beyondwords_body_voice_id":"","beyondwords_summary_voice_id":"","beyondwords_error_message":"","beyondwords_disabled":"","beyondwords_delete_content":"","beyondwords_podcast_id":"","beyondwords_hash":"","publish_post_to_speechkit":"","speechkit_hash":"","speechkit_generate_audio":"","speechkit_project_id":"","speechkit_podcast_id":"","speechkit_error_message":"","speechkit_disabled":"","speechkit_access_key":"","speechkit_error":"","speechkit_info":"","speechkit_response":"","speechkit_retries":"","speechkit_status":"","speechkit_updated_at":"","_speechkit_link":"","_speechkit_text":""},"class_list":["post-10007","page","type-page","status-publish","has-post-thumbnail","hentry"],"acf":[],"yoast_head":"<!-- This site is optimized with the Yoast SEO Premium plugin  - https:\/\/yoast.com\/product\/yoast-seo-premium-wordpress\/ -->\n<title>Alter Hund \u2013 Alltag mit einem Hundesenior gestalten | Uelzener<\/title>\n<meta name=\"description\" content=\"Erfahre alles zur Gestaltung des Alltags mit Deinem alten Hund \u2713 Bewegung \u2713 Ern\u00e4hrung \u2713 Gesundheit \u2713 Pflege \u25b6 Jetzt lesen!\" \/>\n<meta name=\"robots\" content=\"index, follow, max-snippet:-1, max-image-preview:large, max-video-preview:-1\" \/>\n<link rel=\"canonical\" href=\"https:\/\/uelzener.de\/magazin\/hund\/tiergesundheit\/alter-hund\/\" \/>\n<meta property=\"og:locale\" content=\"de_DE\" \/>\n<meta property=\"og:type\" content=\"article\" \/>\n<meta property=\"og:title\" content=\"Alter Hund: Darauf solltest du im Alltag achten\" \/>\n<meta property=\"og:description\" content=\"Erfahre alles zur Gestaltung des Alltags mit Deinem alten Hund \u2713 Bewegung \u2713 Ern\u00e4hrung \u2713 Gesundheit \u2713 Pflege \u25b6 Jetzt lesen!\" \/>\n<meta property=\"og:url\" content=\"https:\/\/uelzener.de\/magazin\/hund\/tiergesundheit\/alter-hund\/\" \/>\n<meta property=\"og:site_name\" content=\"Uelzener Tier-Magazin\" \/>\n<meta property=\"article:publisher\" content=\"https:\/\/www.facebook.com\/Uelzener\" \/>\n<meta property=\"article:modified_time\" content=\"2025-11-13T09:39:04+00:00\" \/>\n<meta property=\"og:image\" content=\"https:\/\/uelzener.de\/magazin\/app\/uploads\/2022\/12\/alter-hund.jpg\" \/>\n\t<meta property=\"og:image:width\" content=\"1025\" \/>\n\t<meta property=\"og:image:height\" content=\"450\" \/>\n\t<meta property=\"og:image:type\" content=\"image\/jpeg\" \/>\n<meta name=\"twitter:card\" content=\"summary_large_image\" \/>\n<meta name=\"twitter:label1\" content=\"Gesch\u00e4tzte Lesezeit\" \/>\n\t<meta name=\"twitter:data1\" content=\"3\u00a0Minuten\" \/>\n<script type=\"application\/ld+json\" class=\"yoast-schema-graph\">{\"@context\":\"https:\/\/schema.org\",\"@graph\":[{\"@type\":\"WebPage\",\"@id\":\"https:\/\/uelzener.de\/magazin\/hund\/tiergesundheit\/alter-hund\/\",\"url\":\"https:\/\/uelzener.de\/magazin\/hund\/tiergesundheit\/alter-hund\/\",\"name\":\"Alter Hund \u2013 Alltag mit einem Hundesenior gestalten | Uelzener\",\"isPartOf\":{\"@id\":\"https:\/\/uelzener.de\/magazin\/#website\"},\"primaryImageOfPage\":{\"@id\":\"https:\/\/uelzener.de\/magazin\/hund\/tiergesundheit\/alter-hund\/#primaryimage\"},\"image\":{\"@id\":\"https:\/\/uelzener.de\/magazin\/hund\/tiergesundheit\/alter-hund\/#primaryimage\"},\"thumbnailUrl\":\"https:\/\/uelzener.de\/magazin\/app\/uploads\/2022\/12\/alter-hund.jpg\",\"datePublished\":\"2022-12-12T09:00:00+00:00\",\"dateModified\":\"2025-11-13T09:39:04+00:00\",\"description\":\"Erfahre alles zur Gestaltung des Alltags mit Deinem alten Hund \u2713 Bewegung \u2713 Ern\u00e4hrung \u2713 Gesundheit \u2713 Pflege \u25b6 Jetzt lesen!\",\"breadcrumb\":{\"@id\":\"https:\/\/uelzener.de\/magazin\/hund\/tiergesundheit\/alter-hund\/#breadcrumb\"},\"inLanguage\":\"de\",\"potentialAction\":[{\"@type\":\"ReadAction\",\"target\":[\"https:\/\/uelzener.de\/magazin\/hund\/tiergesundheit\/alter-hund\/\"]}]},{\"@type\":\"ImageObject\",\"inLanguage\":\"de\",\"@id\":\"https:\/\/uelzener.de\/magazin\/hund\/tiergesundheit\/alter-hund\/#primaryimage\",\"url\":\"https:\/\/uelzener.de\/magazin\/app\/uploads\/2022\/12\/alter-hund.jpg\",\"contentUrl\":\"https:\/\/uelzener.de\/magazin\/app\/uploads\/2022\/12\/alter-hund.jpg\",\"width\":1025,\"height\":450,\"caption\":\"Alter Hund liegt entspannt auf einem Hundekissen.\"},{\"@type\":\"WebSite\",\"@id\":\"https:\/\/uelzener.de\/magazin\/#website\",\"url\":\"https:\/\/uelzener.de\/magazin\/\",\"name\":\"Uelzener Tiermagazin\",\"description\":\"Online Tierratgeber der Uelzener Versicherungen\",\"publisher\":{\"@id\":\"https:\/\/uelzener.de\/magazin\/#organization\"},\"potentialAction\":[{\"@type\":\"SearchAction\",\"target\":{\"@type\":\"EntryPoint\",\"urlTemplate\":\"https:\/\/uelzener.de\/magazin\/?s={search_term_string}\"},\"query-input\":{\"@type\":\"PropertyValueSpecification\",\"valueRequired\":true,\"valueName\":\"search_term_string\"}}],\"inLanguage\":\"de\"},{\"@type\":\"Organization\",\"@id\":\"https:\/\/uelzener.de\/magazin\/#organization\",\"name\":\"Uelzener Versicherungen\",\"url\":\"https:\/\/uelzener.de\/magazin\/\",\"logo\":{\"@type\":\"ImageObject\",\"inLanguage\":\"de\",\"@id\":\"https:\/\/uelzener.de\/magazin\/#\/schema\/logo\/image\/\",\"url\":\"https:\/\/uelzener.de\/magazin\/app\/uploads\/2024\/11\/uelzener_allgemeine_versicherungsgesellschaft_a_g_logo.jpg\",\"contentUrl\":\"https:\/\/uelzener.de\/magazin\/app\/uploads\/2024\/11\/uelzener_allgemeine_versicherungsgesellschaft_a_g_logo.jpg\",\"width\":200,\"height\":200,\"caption\":\"Uelzener Versicherungen\"},\"image\":{\"@id\":\"https:\/\/uelzener.de\/magazin\/#\/schema\/logo\/image\/\"},\"sameAs\":[\"https:\/\/www.facebook.com\/Uelzener\",\"https:\/\/instagram.com\/uelzener\",\"https:\/\/www.xing.com\/pages\/uelzenerallgemeineversicherungs-gesellschafta-g\",\"https:\/\/www.youtube.com\/UelzenerVersicherungen\"]}]}<\/script>\n<!-- \/ Yoast SEO Premium plugin. -->","yoast_head_json":{"title":"Alter Hund \u2013 Alltag mit einem Hundesenior gestalten | Uelzener","description":"Erfahre alles zur Gestaltung des Alltags mit Deinem alten Hund \u2713 Bewegung \u2713 Ern\u00e4hrung \u2713 Gesundheit \u2713 Pflege \u25b6 Jetzt lesen!","robots":{"index":"index","follow":"follow","max-snippet":"max-snippet:-1","max-image-preview":"max-image-preview:large","max-video-preview":"max-video-preview:-1"},"canonical":"https:\/\/uelzener.de\/magazin\/hund\/tiergesundheit\/alter-hund\/","og_locale":"de_DE","og_type":"article","og_title":"Alter Hund: Darauf solltest du im Alltag achten","og_description":"Erfahre alles zur Gestaltung des Alltags mit Deinem alten Hund \u2713 Bewegung \u2713 Ern\u00e4hrung \u2713 Gesundheit \u2713 Pflege \u25b6 Jetzt lesen!","og_url":"https:\/\/uelzener.de\/magazin\/hund\/tiergesundheit\/alter-hund\/","og_site_name":"Uelzener Tier-Magazin","article_publisher":"https:\/\/www.facebook.com\/Uelzener","article_modified_time":"2025-11-13T09:39:04+00:00","og_image":[{"width":1025,"height":450,"url":"https:\/\/uelzener.de\/magazin\/app\/uploads\/2022\/12\/alter-hund.jpg","type":"image\/jpeg"}],"twitter_card":"summary_large_image","twitter_misc":{"Gesch\u00e4tzte Lesezeit":"3\u00a0Minuten"},"schema":{"@context":"https:\/\/schema.org","@graph":[{"@type":"WebPage","@id":"https:\/\/uelzener.de\/magazin\/hund\/tiergesundheit\/alter-hund\/","url":"https:\/\/uelzener.de\/magazin\/hund\/tiergesundheit\/alter-hund\/","name":"Alter Hund \u2013 Alltag mit einem Hundesenior gestalten | Uelzener","isPartOf":{"@id":"https:\/\/uelzener.de\/magazin\/#website"},"primaryImageOfPage":{"@id":"https:\/\/uelzener.de\/magazin\/hund\/tiergesundheit\/alter-hund\/#primaryimage"},"image":{"@id":"https:\/\/uelzener.de\/magazin\/hund\/tiergesundheit\/alter-hund\/#primaryimage"},"thumbnailUrl":"https:\/\/uelzener.de\/magazin\/app\/uploads\/2022\/12\/alter-hund.jpg","datePublished":"2022-12-12T09:00:00+00:00","dateModified":"2025-11-13T09:39:04+00:00","description":"Erfahre alles zur Gestaltung des Alltags mit Deinem alten Hund \u2713 Bewegung \u2713 Ern\u00e4hrung \u2713 Gesundheit \u2713 Pflege \u25b6 Jetzt lesen!","breadcrumb":{"@id":"https:\/\/uelzener.de\/magazin\/hund\/tiergesundheit\/alter-hund\/#breadcrumb"},"inLanguage":"de","potentialAction":[{"@type":"ReadAction","target":["https:\/\/uelzener.de\/magazin\/hund\/tiergesundheit\/alter-hund\/"]}]},{"@type":"ImageObject","inLanguage":"de","@id":"https:\/\/uelzener.de\/magazin\/hund\/tiergesundheit\/alter-hund\/#primaryimage","url":"https:\/\/uelzener.de\/magazin\/app\/uploads\/2022\/12\/alter-hund.jpg","contentUrl":"https:\/\/uelzener.de\/magazin\/app\/uploads\/2022\/12\/alter-hund.jpg","width":1025,"height":450,"caption":"Alter Hund liegt entspannt auf einem Hundekissen."},{"@type":"WebSite","@id":"https:\/\/uelzener.de\/magazin\/#website","url":"https:\/\/uelzener.de\/magazin\/","name":"Uelzener Tiermagazin","description":"Online Tierratgeber der Uelzener Versicherungen","publisher":{"@id":"https:\/\/uelzener.de\/magazin\/#organization"},"potentialAction":[{"@type":"SearchAction","target":{"@type":"EntryPoint","urlTemplate":"https:\/\/uelzener.de\/magazin\/?s={search_term_string}"},"query-input":{"@type":"PropertyValueSpecification","valueRequired":true,"valueName":"search_term_string"}}],"inLanguage":"de"},{"@type":"Organization","@id":"https:\/\/uelzener.de\/magazin\/#organization","name":"Uelzener Versicherungen","url":"https:\/\/uelzener.de\/magazin\/","logo":{"@type":"ImageObject","inLanguage":"de","@id":"https:\/\/uelzener.de\/magazin\/#\/schema\/logo\/image\/","url":"https:\/\/uelzener.de\/magazin\/app\/uploads\/2024\/11\/uelzener_allgemeine_versicherungsgesellschaft_a_g_logo.jpg","contentUrl":"https:\/\/uelzener.de\/magazin\/app\/uploads\/2024\/11\/uelzener_allgemeine_versicherungsgesellschaft_a_g_logo.jpg","width":200,"height":200,"caption":"Uelzener Versicherungen"},"image":{"@id":"https:\/\/uelzener.de\/magazin\/#\/schema\/logo\/image\/"},"sameAs":["https:\/\/www.facebook.com\/Uelzener","https:\/\/instagram.com\/uelzener","https:\/\/www.xing.com\/pages\/uelzenerallgemeineversicherungs-gesellschafta-g","https:\/\/www.youtube.com\/UelzenerVersicherungen"]}]}},"_links":{"self":[{"href":"https:\/\/uelzener.de\/magazin\/wp-json\/wp\/v2\/pages\/10007","targetHints":{"allow":["GET"]}}],"collection":[{"href":"https:\/\/uelzener.de\/magazin\/wp-json\/wp\/v2\/pages"}],"about":[{"href":"https:\/\/uelzener.de\/magazin\/wp-json\/wp\/v2\/types\/page"}],"author":[{"embeddable":true,"href":"https:\/\/uelzener.de\/magazin\/wp-json\/wp\/v2\/users\/11"}],"replies":[{"embeddable":true,"href":"https:\/\/uelzener.de\/magazin\/wp-json\/wp\/v2\/comments?post=10007"}],"version-history":[{"count":15,"href":"https:\/\/uelzener.de\/magazin\/wp-json\/wp\/v2\/pages\/10007\/revisions"}],"predecessor-version":[{"id":19434,"href":"https:\/\/uelzener.de\/magazin\/wp-json\/wp\/v2\/pages\/10007\/revisions\/19434"}],"up":[{"embeddable":true,"href":"https:\/\/uelzener.de\/magazin\/wp-json\/wp\/v2\/pages\/11701"}],"wp:featuredmedia":[{"embeddable":true,"href":"https:\/\/uelzener.de\/magazin\/wp-json\/wp\/v2\/media\/14582"}],"wp:attachment":[{"href":"https:\/\/uelzener.de\/magazin\/wp-json\/wp\/v2\/media?parent=10007"}],"curies":[{"name":"wp","href":"https:\/\/api.w.org\/{rel}","templated":true}]}}