{"id":10006,"date":"2015-01-27T00:00:00","date_gmt":"2015-01-27T00:00:00","guid":{"rendered":""},"modified":"2023-02-16T15:26:52","modified_gmt":"2023-02-16T14:26:52","slug":"dalmatiner","status":"publish","type":"page","link":"https:\/\/uelzener.de\/magazin\/hund\/rasseportrait\/dalmatiner\/","title":{"rendered":"Dalmatiner: gepunktete Familienbegleiter"},"content":{"rendered":"<p><strong>Sp\u00e4testens seit \u201e101 Dalmatiner\u201c von Walt Disney kennt jeder die fr\u00f6hlich gepunkteten Hunde. Aber auch beim Dalmatiner \u2013 wie bei allen anderen Hunderassen \u2013 muss man sich zuerst \u00fcber die Bed\u00fcrfnisse des Hundes im Klaren sein, bevor man sich entscheidet, einen Dalmatiner ins Haus zu holen. Denn auch er hat seine ganz pers\u00f6nlichen Anspr\u00fcche an sein zuk\u00fcnftiges Herrchen oder Frauchen.<\/strong><\/p>\n<p>Gepunktete Hunde standen ebenso wie gepunktete Pferde beim Adel \u00fcber die Jahrhunderte immer wieder hoch im Kurs. So konnte sich der elegante und bewegungsfreudige Dalmatiner einen festen Platz in den erlauchten Kreisen adliger Familien erobern. Im 19. Jahrhundert war er unter anderem ein beliebter Kutschen-Begleithund, der zum Schutz der Reisenden mitlief.<\/p>\n<p>Seine Vergangenheit gibt schon erste Hinweise auf seine Bed\u00fcrfnisse: Er kann (und will) stundenlang laufen. Sein Bewegungsdrang macht ihn daher zum idealen Begleiter von Menschen, die selbst t\u00e4glich viel drau\u00dfen unterwegs sind, sei es beim Joggen, Radfahren oder Reiten. Auch Hundesport macht dem intelligenten Hund Spa\u00df. Als reiner \u201eWohnungshund\u201c mit nur wenig Bewegungsm\u00f6glichkeiten ist er hingegen nicht geeignet.<\/p>\n<p>Dalmatiner sind ausgesprochen anh\u00e4ngliche Hunde, die am liebsten rund um die Uhr mit \u201eihrem\u201c Rudel zusammen sein m\u00f6chten. Ein Dalmatiner sollte daher nicht den ganzen Tag allein in der Wohnung auf sein Herrchen warten m\u00fcssen. Auch auf Streitigkeiten reagiert er empfindlich. Denn so sportlich sie auch sind, die h\u00fcbschen Hunde haben auch ihre sensible Seite: T\u00e4gliches Kuscheln im Kreis der Familie geh\u00f6rt bei ihnen unbedingt dazu. Mit Fremden m\u00fcssen sie dagegen erst einmal \u201ewarm\u201c werden.<\/p>\n<p>Auch bei der Erziehung ist ein feines H\u00e4ndchen gefragt: Dalmatiner reagieren auf Grobheiten unter Umst\u00e4nden mit Vertrauensverlust und schalten auf \u201eDurchzug\u201c. Andererseits k\u00f6nnten eine zu nachsichtige Erziehung und zu viel Nettigkeit den Hund davon \u00fcberzeugen, selbst der K\u00f6nig im Haus zu sein. Hier ist mal wieder der goldene Mittelweg der beste: Eine freundliche, aber konsequente Erziehung mit viel Lob gibt dem Hund Sicherheit und macht aus ihm einen treuen Begleiter f\u00fcrs Leben. Daher ist ein Dalmatiner eher f\u00fcr Menschen geeignet, die schon Erfahrung mit Hunden gesammelt haben. Anf\u00e4nger in Sachen Hundeerziehung, die sich dennoch f\u00fcr einen Dalmatiner entscheiden, sollten sich fachliche Hilfe holen, um sich und dem Hund den Start ins gemeinsame Leben zu erleichtern.<\/p>\n<p>Im \u00dcbrigen, wer sich beim Z\u00fcchter das erste Mal einen Wurf neugeborener Dalmatiner anschaut, sollte nicht erschrecken, weil sie komplett wei\u00df sind: Die beliebten Punkte erscheinen in der Regel erst nach etwa zwei Wochen.<\/p>\n","protected":false},"excerpt":{"rendered":"<p>Sp\u00e4testens seit \u201e101 Dalmatiner\u201c von Walt Disney kennt jeder die fr\u00f6hlich gepunkteten Hunde. Aber auch beim Dalmatiner \u2013 wie bei allen anderen Hunderassen \u2013 muss man sich zuerst \u00fcber die Bed\u00fcrfnisse des Hundes im Klaren sein, bevor man sich entscheidet, einen Dalmatiner ins Haus zu holen. Denn auch er hat seine ganz pers\u00f6nlichen Anspr\u00fcche an [&hellip;]<\/p>\n","protected":false},"author":1,"featured_media":10596,"parent":2475,"menu_order":9,"comment_status":"open","ping_status":"open","template":"templates\/blog.php","meta":{"_acf_changed":false,"_crdt_document":"","footnotes":"","beyondwords_generate_audio":"","beyondwords_project_id":"","beyondwords_content_id":"","beyondwords_preview_token":"","beyondwords_player_style":"","beyondwords_language_id":"","beyondwords_title_voice_id":"","beyondwords_body_voice_id":"","beyondwords_summary_voice_id":"","beyondwords_error_message":"","beyondwords_disabled":"","beyondwords_delete_content":"","beyondwords_podcast_id":"","beyondwords_hash":"","publish_post_to_speechkit":"","speechkit_hash":"","speechkit_generate_audio":"","speechkit_project_id":"","speechkit_podcast_id":"","speechkit_error_message":"","speechkit_disabled":"","speechkit_access_key":"","speechkit_error":"","speechkit_info":"","speechkit_response":"","speechkit_retries":"","speechkit_status":"","speechkit_updated_at":"","_speechkit_link":"","_speechkit_text":""},"class_list":["post-10006","page","type-page","status-publish","has-post-thumbnail","hentry"],"acf":[],"yoast_head":"<!-- This site is optimized with the Yoast SEO Premium plugin  - https:\/\/yoast.com\/product\/yoast-seo-premium-wordpress\/ -->\n<title>Dalmatiner im Rasseportrait \u2013 Aussehen, Charakter &amp; Erziehung | Uelzener<\/title>\n<meta name=\"description\" content=\"Erfahre alles zur Hunderasse Dalmatiner \u2713 Herkunft \u2713 Aussehen \u2713 Charakter \u2713 Haltung \u2713 Erziehung \u25b6 Hier informieren!\" \/>\n<meta name=\"robots\" content=\"index, follow, max-snippet:-1, max-image-preview:large, max-video-preview:-1\" \/>\n<link rel=\"canonical\" href=\"https:\/\/uelzener.de\/magazin\/hund\/rasseportrait\/dalmatiner\/\" \/>\n<meta property=\"og:locale\" content=\"de_DE\" \/>\n<meta property=\"og:type\" content=\"article\" \/>\n<meta property=\"og:title\" content=\"Dalmatiner: gepunktete Familienbegleiter\" \/>\n<meta property=\"og:description\" content=\"Erfahre alles zur Hunderasse Dalmatiner \u2713 Herkunft \u2713 Aussehen \u2713 Charakter \u2713 Haltung \u2713 Erziehung \u25b6 Hier informieren!\" \/>\n<meta property=\"og:url\" content=\"https:\/\/uelzener.de\/magazin\/hund\/rasseportrait\/dalmatiner\/\" \/>\n<meta property=\"og:site_name\" content=\"Uelzener Tier-Magazin\" \/>\n<meta property=\"article:publisher\" content=\"https:\/\/www.facebook.com\/Uelzener\" \/>\n<meta property=\"article:modified_time\" content=\"2023-02-16T14:26:52+00:00\" \/>\n<meta property=\"og:image\" content=\"https:\/\/uelzener.de\/magazin\/app\/uploads\/2015\/01\/3cf8b071-fbb9-4e38-8b2a-cd6558460a8f.jpg\" \/>\n\t<meta property=\"og:image:width\" content=\"650\" \/>\n\t<meta property=\"og:image:height\" content=\"432\" \/>\n\t<meta property=\"og:image:type\" content=\"image\/jpeg\" \/>\n<meta name=\"twitter:card\" content=\"summary_large_image\" \/>\n<meta name=\"twitter:label1\" content=\"Gesch\u00e4tzte Lesezeit\" \/>\n\t<meta name=\"twitter:data1\" content=\"2\u00a0Minuten\" \/>\n<script type=\"application\/ld+json\" class=\"yoast-schema-graph\">{\"@context\":\"https:\/\/schema.org\",\"@graph\":[{\"@type\":\"WebPage\",\"@id\":\"https:\/\/uelzener.de\/magazin\/hund\/rasseportrait\/dalmatiner\/\",\"url\":\"https:\/\/uelzener.de\/magazin\/hund\/rasseportrait\/dalmatiner\/\",\"name\":\"Dalmatiner im Rasseportrait \u2013 Aussehen, Charakter & Erziehung | Uelzener\",\"isPartOf\":{\"@id\":\"https:\/\/uelzener.de\/magazin\/#website\"},\"primaryImageOfPage\":{\"@id\":\"https:\/\/uelzener.de\/magazin\/hund\/rasseportrait\/dalmatiner\/#primaryimage\"},\"image\":{\"@id\":\"https:\/\/uelzener.de\/magazin\/hund\/rasseportrait\/dalmatiner\/#primaryimage\"},\"thumbnailUrl\":\"https:\/\/uelzener.de\/magazin\/app\/uploads\/2015\/01\/3cf8b071-fbb9-4e38-8b2a-cd6558460a8f.jpg\",\"datePublished\":\"2015-01-27T00:00:00+00:00\",\"dateModified\":\"2023-02-16T14:26:52+00:00\",\"description\":\"Erfahre alles zur Hunderasse Dalmatiner \u2713 Herkunft \u2713 Aussehen \u2713 Charakter \u2713 Haltung \u2713 Erziehung \u25b6 Hier informieren!\",\"breadcrumb\":{\"@id\":\"https:\/\/uelzener.de\/magazin\/hund\/rasseportrait\/dalmatiner\/#breadcrumb\"},\"inLanguage\":\"de\",\"potentialAction\":[{\"@type\":\"ReadAction\",\"target\":[\"https:\/\/uelzener.de\/magazin\/hund\/rasseportrait\/dalmatiner\/\"]}]},{\"@type\":\"ImageObject\",\"inLanguage\":\"de\",\"@id\":\"https:\/\/uelzener.de\/magazin\/hund\/rasseportrait\/dalmatiner\/#primaryimage\",\"url\":\"https:\/\/uelzener.de\/magazin\/app\/uploads\/2015\/01\/3cf8b071-fbb9-4e38-8b2a-cd6558460a8f.jpg\",\"contentUrl\":\"https:\/\/uelzener.de\/magazin\/app\/uploads\/2015\/01\/3cf8b071-fbb9-4e38-8b2a-cd6558460a8f.jpg\",\"width\":650,\"height\":432,\"caption\":\"Dalmatiner sitzt im Strandkorb.\"},{\"@type\":\"WebSite\",\"@id\":\"https:\/\/uelzener.de\/magazin\/#website\",\"url\":\"https:\/\/uelzener.de\/magazin\/\",\"name\":\"Uelzener Tiermagazin\",\"description\":\"Online Tierratgeber der Uelzener Versicherungen\",\"publisher\":{\"@id\":\"https:\/\/uelzener.de\/magazin\/#organization\"},\"potentialAction\":[{\"@type\":\"SearchAction\",\"target\":{\"@type\":\"EntryPoint\",\"urlTemplate\":\"https:\/\/uelzener.de\/magazin\/?s={search_term_string}\"},\"query-input\":{\"@type\":\"PropertyValueSpecification\",\"valueRequired\":true,\"valueName\":\"search_term_string\"}}],\"inLanguage\":\"de\"},{\"@type\":\"Organization\",\"@id\":\"https:\/\/uelzener.de\/magazin\/#organization\",\"name\":\"Uelzener Versicherungen\",\"url\":\"https:\/\/uelzener.de\/magazin\/\",\"logo\":{\"@type\":\"ImageObject\",\"inLanguage\":\"de\",\"@id\":\"https:\/\/uelzener.de\/magazin\/#\/schema\/logo\/image\/\",\"url\":\"https:\/\/uelzener.de\/magazin\/app\/uploads\/2024\/11\/uelzener_allgemeine_versicherungsgesellschaft_a_g_logo.jpg\",\"contentUrl\":\"https:\/\/uelzener.de\/magazin\/app\/uploads\/2024\/11\/uelzener_allgemeine_versicherungsgesellschaft_a_g_logo.jpg\",\"width\":200,\"height\":200,\"caption\":\"Uelzener Versicherungen\"},\"image\":{\"@id\":\"https:\/\/uelzener.de\/magazin\/#\/schema\/logo\/image\/\"},\"sameAs\":[\"https:\/\/www.facebook.com\/Uelzener\",\"https:\/\/instagram.com\/uelzener\",\"https:\/\/www.xing.com\/pages\/uelzenerallgemeineversicherungs-gesellschafta-g\",\"https:\/\/www.youtube.com\/UelzenerVersicherungen\"]}]}<\/script>\n<!-- \/ Yoast SEO Premium plugin. -->","yoast_head_json":{"title":"Dalmatiner im Rasseportrait \u2013 Aussehen, Charakter & Erziehung | Uelzener","description":"Erfahre alles zur Hunderasse Dalmatiner \u2713 Herkunft \u2713 Aussehen \u2713 Charakter \u2713 Haltung \u2713 Erziehung \u25b6 Hier informieren!","robots":{"index":"index","follow":"follow","max-snippet":"max-snippet:-1","max-image-preview":"max-image-preview:large","max-video-preview":"max-video-preview:-1"},"canonical":"https:\/\/uelzener.de\/magazin\/hund\/rasseportrait\/dalmatiner\/","og_locale":"de_DE","og_type":"article","og_title":"Dalmatiner: gepunktete Familienbegleiter","og_description":"Erfahre alles zur Hunderasse Dalmatiner \u2713 Herkunft \u2713 Aussehen \u2713 Charakter \u2713 Haltung \u2713 Erziehung \u25b6 Hier informieren!","og_url":"https:\/\/uelzener.de\/magazin\/hund\/rasseportrait\/dalmatiner\/","og_site_name":"Uelzener Tier-Magazin","article_publisher":"https:\/\/www.facebook.com\/Uelzener","article_modified_time":"2023-02-16T14:26:52+00:00","og_image":[{"width":650,"height":432,"url":"https:\/\/uelzener.de\/magazin\/app\/uploads\/2015\/01\/3cf8b071-fbb9-4e38-8b2a-cd6558460a8f.jpg","type":"image\/jpeg"}],"twitter_card":"summary_large_image","twitter_misc":{"Gesch\u00e4tzte Lesezeit":"2\u00a0Minuten"},"schema":{"@context":"https:\/\/schema.org","@graph":[{"@type":"WebPage","@id":"https:\/\/uelzener.de\/magazin\/hund\/rasseportrait\/dalmatiner\/","url":"https:\/\/uelzener.de\/magazin\/hund\/rasseportrait\/dalmatiner\/","name":"Dalmatiner im Rasseportrait \u2013 Aussehen, Charakter & Erziehung | Uelzener","isPartOf":{"@id":"https:\/\/uelzener.de\/magazin\/#website"},"primaryImageOfPage":{"@id":"https:\/\/uelzener.de\/magazin\/hund\/rasseportrait\/dalmatiner\/#primaryimage"},"image":{"@id":"https:\/\/uelzener.de\/magazin\/hund\/rasseportrait\/dalmatiner\/#primaryimage"},"thumbnailUrl":"https:\/\/uelzener.de\/magazin\/app\/uploads\/2015\/01\/3cf8b071-fbb9-4e38-8b2a-cd6558460a8f.jpg","datePublished":"2015-01-27T00:00:00+00:00","dateModified":"2023-02-16T14:26:52+00:00","description":"Erfahre alles zur Hunderasse Dalmatiner \u2713 Herkunft \u2713 Aussehen \u2713 Charakter \u2713 Haltung \u2713 Erziehung \u25b6 Hier informieren!","breadcrumb":{"@id":"https:\/\/uelzener.de\/magazin\/hund\/rasseportrait\/dalmatiner\/#breadcrumb"},"inLanguage":"de","potentialAction":[{"@type":"ReadAction","target":["https:\/\/uelzener.de\/magazin\/hund\/rasseportrait\/dalmatiner\/"]}]},{"@type":"ImageObject","inLanguage":"de","@id":"https:\/\/uelzener.de\/magazin\/hund\/rasseportrait\/dalmatiner\/#primaryimage","url":"https:\/\/uelzener.de\/magazin\/app\/uploads\/2015\/01\/3cf8b071-fbb9-4e38-8b2a-cd6558460a8f.jpg","contentUrl":"https:\/\/uelzener.de\/magazin\/app\/uploads\/2015\/01\/3cf8b071-fbb9-4e38-8b2a-cd6558460a8f.jpg","width":650,"height":432,"caption":"Dalmatiner sitzt im Strandkorb."},{"@type":"WebSite","@id":"https:\/\/uelzener.de\/magazin\/#website","url":"https:\/\/uelzener.de\/magazin\/","name":"Uelzener Tiermagazin","description":"Online Tierratgeber der Uelzener Versicherungen","publisher":{"@id":"https:\/\/uelzener.de\/magazin\/#organization"},"potentialAction":[{"@type":"SearchAction","target":{"@type":"EntryPoint","urlTemplate":"https:\/\/uelzener.de\/magazin\/?s={search_term_string}"},"query-input":{"@type":"PropertyValueSpecification","valueRequired":true,"valueName":"search_term_string"}}],"inLanguage":"de"},{"@type":"Organization","@id":"https:\/\/uelzener.de\/magazin\/#organization","name":"Uelzener Versicherungen","url":"https:\/\/uelzener.de\/magazin\/","logo":{"@type":"ImageObject","inLanguage":"de","@id":"https:\/\/uelzener.de\/magazin\/#\/schema\/logo\/image\/","url":"https:\/\/uelzener.de\/magazin\/app\/uploads\/2024\/11\/uelzener_allgemeine_versicherungsgesellschaft_a_g_logo.jpg","contentUrl":"https:\/\/uelzener.de\/magazin\/app\/uploads\/2024\/11\/uelzener_allgemeine_versicherungsgesellschaft_a_g_logo.jpg","width":200,"height":200,"caption":"Uelzener Versicherungen"},"image":{"@id":"https:\/\/uelzener.de\/magazin\/#\/schema\/logo\/image\/"},"sameAs":["https:\/\/www.facebook.com\/Uelzener","https:\/\/instagram.com\/uelzener","https:\/\/www.xing.com\/pages\/uelzenerallgemeineversicherungs-gesellschafta-g","https:\/\/www.youtube.com\/UelzenerVersicherungen"]}]}},"_links":{"self":[{"href":"https:\/\/uelzener.de\/magazin\/wp-json\/wp\/v2\/pages\/10006","targetHints":{"allow":["GET"]}}],"collection":[{"href":"https:\/\/uelzener.de\/magazin\/wp-json\/wp\/v2\/pages"}],"about":[{"href":"https:\/\/uelzener.de\/magazin\/wp-json\/wp\/v2\/types\/page"}],"author":[{"embeddable":true,"href":"https:\/\/uelzener.de\/magazin\/wp-json\/wp\/v2\/users\/1"}],"replies":[{"embeddable":true,"href":"https:\/\/uelzener.de\/magazin\/wp-json\/wp\/v2\/comments?post=10006"}],"version-history":[{"count":7,"href":"https:\/\/uelzener.de\/magazin\/wp-json\/wp\/v2\/pages\/10006\/revisions"}],"predecessor-version":[{"id":12364,"href":"https:\/\/uelzener.de\/magazin\/wp-json\/wp\/v2\/pages\/10006\/revisions\/12364"}],"up":[{"embeddable":true,"href":"https:\/\/uelzener.de\/magazin\/wp-json\/wp\/v2\/pages\/2475"}],"wp:featuredmedia":[{"embeddable":true,"href":"https:\/\/uelzener.de\/magazin\/wp-json\/wp\/v2\/media\/10596"}],"wp:attachment":[{"href":"https:\/\/uelzener.de\/magazin\/wp-json\/wp\/v2\/media?parent=10006"}],"curies":[{"name":"wp","href":"https:\/\/api.w.org\/{rel}","templated":true}]}}